{"id":217,"date":"2023-04-11T18:22:07","date_gmt":"2023-04-11T17:22:07","guid":{"rendered":"https:\/\/ambyaounde.esteri.it\/servizi-consolari-e-visti\/servizi-per-il-cittadino-straniero\/visti\/"},"modified":"2024-06-26T14:58:25","modified_gmt":"2024-06-26T13:58:25","slug":"visti","status":"publish","type":"page","link":"https:\/\/ambyaounde.esteri.it\/fr\/servizi-consolari-e-visti\/servizi-per-il-cittadino-straniero\/visti\/","title":{"rendered":"Visas"},"content":{"rendered":"<p style=\"text-align: center;\"><strong>Informations g\u00e9n\u00e9rales<\/strong><\/p>\n<p>Sur le site web Il visto per l&rsquo;Italia (<a href=\"https:\/\/vistoperitalia.esteri.it\/home.aspx\">https:\/\/vistoperitalia.esteri.it\/home.aspx<\/a>), \u00e9dit\u00e9 par le Minist\u00e8re italien des Affaires \u00c9trang\u00e8res et de la Coop\u00e9ration Internationale, vous pouvez trouver des informations sur les conditions pour l\u2019obtention d&rsquo;un visa pour notre Pays.<br \/>\nEn outre, il est utile de remplir au pr\u00e9alable le questionnaire \u00ab\u00a0Il visto per l&rsquo;Italia\u00a0\u00bb afin d&rsquo;identifier correctement le type de visa \u00e0 demander.<\/p>\n<p><strong>Les demandes de Visa\u00a0et les demandes de l\u00e9galisation des documents peuvent \u00eatre d\u00e9pos\u00e9es \u00e0 l&rsquo;agence\u00a0BLS\u00a0<\/strong><strong>\u00a0<\/strong>(<a href=\"https:\/\/www.blsitalyvisa.com\/cameroon\/\" target=\"_blank\" rel=\"noopener noreferrer\">https:\/\/www.blsitalyvisa.com\/cameroon\/<\/a>)<\/p>\n<p><strong>DOUALA<\/strong>: Agence BLS -II Centre Commercial l\u2019ATRIUM, immeuble Spar, 1er \u00e9tage derri\u00e8re Delsey Showroom, bureau n. bt 10-11.<\/p>\n<div dir=\"ltr\"><strong>YAOUNDE<\/strong>: Agence BLS \u2013 Y-BUILDING, RUE 1775 Nouvelle Route Bastos, 1er \u00e9tage.<\/div>\n<div dir=\"ltr\"><\/div>\n<p><strong>Tarifs<\/strong><\/p>\n<p>Vous trouverez ci-dessous les co\u00fbts li\u00e9s au tarif consulaire (per\u00e7u par l&rsquo;Ambassade d&rsquo;Italie) et ceux li\u00e9s aux frais de service de visa factur\u00e9s par le prestataire externe (BLS).<\/p>\n<p>&#8211; VISA DE TOURISME (C) : 60.000 FCFA (30.000 FCFA pour les demandeurs \u00e2g\u00e9s de 6 \u00e0 12 ans) + frais de l\u2019agence BLS*.<\/p>\n<p>&#8211; VISA DE TOURISME &#8211; FAMILIAL DE L&rsquo;UE (C) : Gratuit + \u00e9ventuels frais de l&rsquo;agence BLS*.<\/p>\n<p>&#8211; VISA POUR AFFAIRES (C) : 60.000 FCFA + frais de l&rsquo;agence BLS*.<\/p>\n<p>&#8211; VISA POUR ETUDES (D) : 33.000 FCFA + frais de l&rsquo;agence BLS*.<\/p>\n<p>&#8211; VISA DE REGROUPEMENT FAMILIAL (D) : 77.000 FCFA.<\/p>\n<p>*\u00a0Les frais de l&rsquo;agence BLS sont de 9.000 FCFA\/Euro 13 pour chaque type de visa\u00a0<i>(<a href=\"https:\/\/www.blsitalyvisa.com\/cameroon\/page\/additional_services\" target=\"_blank\" rel=\"noopener noreferrer\">https:\/\/www.blsitalyvisa.com\/cameroon\/page\/additional_services<\/a>).<\/i><\/p>\n<p>Le demandeur doit \u00e9ventuellement payer des frais bancaires par demande de visa\u00a0<i>(<a href=\"https:\/\/www.blsitalyvisa.com\/cameroon\/page\/additional_services\" target=\"_blank\" rel=\"noopener noreferrer\">https:\/\/www.blsitalyvisa.com\/cameroon\/page\/additional_services<\/a>).<\/i><\/p>\n<p>Les demandeurs qui utilisent l&rsquo;agence BLS de Douala devront \u00e9galement payer des frais postaux<\/p>\n<p><i>(<a href=\"https:\/\/www.blsitalyvisa.com\/cameroon\/page\/additional_services\" target=\"_blank\" rel=\"noopener noreferrer\">https:\/\/www.blsitalyvisa.com\/cameroon\/page\/additional_services<\/a>).<\/i><\/p>\n<p>&nbsp;<\/p>\n<p><strong><em>N.B. Le prestataire externe se limite \u00e0 fournir des informations aux int\u00e9ress\u00e9s, \u00e0 recevoir la documentation et \u00e0 collecter la perception consulaire. La gestion successive de la demande, le contr\u00f4le des documents et la d\u00e9cision d&rsquo;accorder ou non le visa est de la comp\u00e9tence exclusive de l&rsquo;Ambassade.<\/em><\/strong><\/p>\n<p><strong><em>N.B. Nous vous invitons \u00e0 vous m\u00e9fier de ceux qui demandent d&rsquo;autres frais et, dans le cas o\u00f9 cela se produirait, veuillez le signaler \u00e0 ambasciata.yaounde@esteri.it.<\/em><\/strong><\/p>\n<p>&nbsp;<\/p>\n<p><strong>Documents \u00e0 soumettre<\/strong><\/p>\n<p>Pour plus de d\u00e9tails sur la documentation n\u00e9cessaire, veuillez consulter les sous-sections de ce site relatives aux diff\u00e9rents types de visa.<\/p>\n<p>Pour les informations relatives aux types de visa non mentionn\u00e9es dans les autres sections de ce site, les usagers sont invit\u00e9s \u00e0 consulter le site web :\u00a0<a href=\"https:\/\/vistoperitalia.esteri.it\/home.aspx\">https:\/\/vistoperitalia.esteri.it\/home.aspx<\/a>\u00a0et\/ou \u00e0 contacter notre Ambassade \u00e0 l&rsquo;adresse email\u00a0<a href=\"mailto:yaounde.visti@esteri.it\">yaounde.visti@esteri.it<\/a><\/p>\n","protected":false},"excerpt":{"rendered":"Informations g\u00e9n\u00e9rales Sur le site web Il visto per l&rsquo;Italia (https:\/\/vistoperitalia.esteri.it\/home.aspx), \u00e9dit\u00e9 par le Minist\u00e8re italien des Affaires \u00c9trang\u00e8res et de la Coop\u00e9ration Internationale, vous pouvez trouver des informations sur les conditions pour l\u2019obtention d&rsquo;un visa pour notre Pays. En outre, il est utile de remplir au pr\u00e9alable le questionnaire \u00ab\u00a0Il visto per l&rsquo;Italia\u00a0\u00bb afin [&hellip;]","protected":false},"author":1,"featured_media":0,"parent":215,"menu_order":0,"comment_status":"closed","ping_status":"closed","template":"","meta":{"footnotes":""},"class_list":["post-217","page","type-page","status-publish","hentry"],"_links":{"self":[{"href":"https:\/\/ambyaounde.esteri.it\/fr\/wp-json\/wp\/v2\/pages\/217","targetHints":{"allow":["GET"]}}],"collection":[{"href":"https:\/\/ambyaounde.esteri.it\/fr\/wp-json\/wp\/v2\/pages"}],"about":[{"href":"https:\/\/ambyaounde.esteri.it\/fr\/wp-json\/wp\/v2\/types\/page"}],"author":[{"embeddable":true,"href":"https:\/\/ambyaounde.esteri.it\/fr\/wp-json\/wp\/v2\/users\/1"}],"replies":[{"embeddable":true,"href":"https:\/\/ambyaounde.esteri.it\/fr\/wp-json\/wp\/v2\/comments?post=217"}],"version-history":[{"count":4,"href":"https:\/\/ambyaounde.esteri.it\/fr\/wp-json\/wp\/v2\/pages\/217\/revisions"}],"predecessor-version":[{"id":2075,"href":"https:\/\/ambyaounde.esteri.it\/fr\/wp-json\/wp\/v2\/pages\/217\/revisions\/2075"}],"up":[{"embeddable":true,"href":"https:\/\/ambyaounde.esteri.it\/fr\/wp-json\/wp\/v2\/pages\/215"}],"wp:attachment":[{"href":"https:\/\/ambyaounde.esteri.it\/fr\/wp-json\/wp\/v2\/media?parent=217"}],"curies":[{"name":"wp","href":"https:\/\/api.w.org\/{rel}","templated":true}]}}