{"id":218,"date":"2023-04-11T18:22:23","date_gmt":"2023-04-11T17:22:23","guid":{"rendered":"https:\/\/ambyaounde.esteri.it\/servizi-consolari-e-visti\/servizi-per-il-cittadino-straniero\/cittadinanza\/"},"modified":"2023-08-01T11:36:26","modified_gmt":"2023-08-01T10:36:26","slug":"cittadinanza","status":"publish","type":"page","link":"https:\/\/ambyaounde.esteri.it\/fr\/servizi-consolari-e-visti\/servizi-per-il-cittadino-straniero\/cittadinanza\/","title":{"rendered":"Citoyennet\u00e9"},"content":{"rendered":"<p><strong>CITOYENNET\u00c9<\/strong><\/p>\n<p>La citoyennet\u00e9 italienne se base sur le principe du droit sanguin (ius sanguinis) pour lequel l\u2019enfant n\u00e9 de p\u00e8re\u00a0 italien ou de m\u00e8re italienne est italien ; toutefois, on fait noter que la m\u00e8re citoyenne transmet la citoyennet\u00e9 aux enfants mineurs seulement \u00e0 partir du 1 \u2013 1 \u2013 1948 par l\u2019effet d\u2019un arr\u00eat sp\u00e9cifique de la Cour Constitutionnelle. Actuellement, la citoyennet\u00e9 italienne est r\u00e9gie par la loi N\u00b0 91 du 5 \u2013 02 \u2013 1992, qui contrairement \u00e0 la loi pr\u00e9c\u00e9dente, appr\u00e9cie mieux le poids de la volont\u00e9 individuelle dans l\u2019acquisition et dans la perte de la citoyennet\u00e9 et reconna\u00eet le droit \u00e0 la possession simultan\u00e9e de plusieurs citoyennet\u00e9s, sauf les diff\u00e9rentes dispositions pr\u00e9vues par des accords internationaux.<\/p>\n<p><strong>MODE D\u2019ACQUISITION DE LA CITOYENNETE ITALIENNE<\/strong><\/p>\n<p><strong>MODALITE D\u2019ACQUISITION AUTOMATIQUES<\/strong><\/p>\n<p>-Par filiation<br \/>\n-Par naissance sur le territoire italien<br \/>\n&#8211; Dans tous les cas o\u00f9 les parents sont inconnus, ou apatrides, ou ne transmettent pas leur nationalit\u00e9 \u00e0 l\u2019enfant selon la loi de l\u2019Etat auquel ils appartiennent.<br \/>\n&#8211; Dans le cas o\u00f9 le fils d&rsquo;inconnus est trouv\u00e9, d\u00e9laiss\u00e9 en territoire italien et on ne r\u00e9ussit pas \u00e0 en d\u00e9terminer le status civitatis.<br \/>\n-Pour reconnaissance de paternit\u00e9 ou de maternit\u00e9 durant la minorit\u00e9 de l\u2019enfant (dans le cas o\u00f9 l\u2019enfant reconnu est majeur, il faut le choix de citoyennet\u00e9 de la part de ce dernier dans un d\u00e9lai d\u2019un an apr\u00e8s la reconnaissance m\u00eame).<br \/>\n-Par adoption, soit que le mineur \u00e9tranger est adopt\u00e9 par un citoyen italien par l\u2019interm\u00e9diaire d\u2019une mesure de l\u2019autorit\u00e9 judiciaire italienne, soit dans le cas ou l\u2019adoption est prononc\u00e9e \u00e0 l\u2019\u00e9tranger et rendue efficace en Italie avec ordre (donn\u00e9 par le Tribunal des mineurs) de transcription dans les registres de l\u2019\u00e9tat civil. Si l\u2019adopt\u00e9 est majeur, il peut avoir la citoyennet\u00e9 italienne par naturalisation, apr\u00e8s une p\u00e9riode de r\u00e9sidence l\u00e9gale en Italie de 5 ans successivement \u00e0 l\u2019adoption (voir dans mode d\u2019acquisition sur demande : Naturalisation)<\/p>\n<p><strong>MODE D\u2019ACQUISITION SUR DEMANDE<\/strong><\/p>\n<p>D\u00e9claration de volont\u00e9 de l\u2019int\u00e9ress\u00e9<\/p>\n<p>Si l\u2019\u00e9tranger est un descendant de citoyen italien par la naissance (jusqu\u2019au 2\u00b0 degr\u00e9) il peut obtenir la citoyennet\u00e9 si (alternative):<\/p>\n<ul>\n<li>Il fait le service militaire dans l\u2019arm\u00e9e italienne<\/li>\n<li>Il a un emploi public au service de l\u2019\u00e9tat, m\u00eame \u00e0 l\u2019\u00e9tranger<\/li>\n<li>Il r\u00e9side l\u00e9galement en Italie depuis au moins deux ans apr\u00e8s \u00eatre majeur<\/li>\n<\/ul>\n<p>Si l\u2019\u00e9tranger est n\u00e9 sur le territoire italien, il peut obtenir la citoyennet\u00e9 s\u2019il r\u00e9side l\u00e9galement sans interruption en Italie de la naissance \u00e0 l\u2019\u00e2ge majeur.<\/p>\n<p>Mariage avec citoyen (ne) italien (ne) les conditions requises sont:<\/p>\n<ul>\n<li>R\u00e9sidence l\u00e9gale en Italie pour une p\u00e9riode d\u2019au moins de deux ans apr\u00e8s le mariage (de tels d\u00e9lais sont r\u00e9duits de la moiti\u00e9 en pr\u00e9sence d\u2019enfants n\u00e9s ou adopt\u00e9s par les conjoints) ou bien trois ans de mariage si r\u00e9sidant \u00e0 l\u2019\u00e9tranger<\/li>\n<li>Validit\u00e9 du mariage<\/li>\n<li>Absence de condamnations p\u00e9nales<\/li>\n<li>Absence d\u2019emp\u00eachements li\u00e9s \u00e0 la s\u00e9curit\u00e9 nationale<\/li>\n<\/ul>\n<p>La demande d\u2019acquisition de la citoyennet\u00e9 doit \u00eatre adress\u00e9e au Minist\u00e8re de l\u2019Int\u00e9rieur et doit \u00eatre pr\u00e9sent\u00e9e \u00e0 la Pr\u00e9fecture de la Province de r\u00e9sidence, si la r\u00e9sidence est en Italie, ou \u00e0 l\u2019Autorit\u00e9 Diplomatico-consulaire, si la r\u00e9sidence est \u00e0 l\u2019\u00e9tranger<\/p>\n<p><strong>NATURALISATION<\/strong><\/p>\n<p>Les conditions requises sont:<\/p>\n<ul>\n<li>Dix ans de r\u00e9sidence l\u00e9gale<\/li>\n<li>Revenu suffisant<\/li>\n<li>Renonciation \u00e0 la citoyennet\u00e9 d\u2019origine (si c\u2019est pr\u00e9vu)<\/li>\n<\/ul>\n<p>Le nombre d\u2019ann\u00e9es peut \u00eatre abr\u00e9g\u00e9 \u00e0 trois ann\u00e9es de r\u00e9sidence l\u00e9gale pour les descendants d\u2019ex citoyens italiens par la naissance jusqu\u2019au second degr\u00e9 et pour les \u00e9trangers n\u00e9s sur le territoire italien.<\/p>\n<ul>\n<li>Quatre ans de r\u00e9sidence l\u00e9gale pour les citoyens d\u2019un Etat appartenant \u00e0 la Communaut\u00e9 Europ\u00e9enne<\/li>\n<li>Cinq ans de r\u00e9sidence l\u00e9gale pour les apatrides et les r\u00e9fugi\u00e9s, et aussi pour les \u00e9trangers majeurs adopt\u00e9s par des citoyens italiens<\/li>\n<li>Sept ans de r\u00e9sidence l\u00e9gale pour l\u2019adopt\u00e9 par un citoyen italien<\/li>\n<\/ul>\n<p>On n\u2019exige aucune p\u00e9riode de r\u00e9sidence pour les \u00e9trangers qui ont servi l\u2019Etat pour une p\u00e9riode d\u2019au moins cinq ans, m\u00eame \u00e0 l\u2019ext\u00e9rieur.<br \/>\nLa demande de naturalisation doit \u00eatre adress\u00e9e au Pr\u00e9sident de la R\u00e9publique et pr\u00e9sent\u00e9e \u00e0 la Pr\u00e9fecture de la Province de r\u00e9sidence<\/p>\n<p>A visiter\u00a0<a href=\"http:\/\/www.esteri.it\/mae\/it\/italiani_nel_mondo\/serviziconsolari\/cittadinanza.html\">le site du MAE\u00a0<\/a>pour d\u2019ult\u00e9rieures informations sur la documentation et les conditions requises pour une demande d\u2019acquisition de la citoyennet\u00e9.<\/p>\n","protected":false},"excerpt":{"rendered":"CITOYENNET\u00c9 La citoyennet\u00e9 italienne se base sur le principe du droit sanguin (ius sanguinis) pour lequel l\u2019enfant n\u00e9 de p\u00e8re\u00a0 italien ou de m\u00e8re italienne est italien ; toutefois, on fait noter que la m\u00e8re citoyenne transmet la citoyennet\u00e9 aux enfants mineurs seulement \u00e0 partir du 1 \u2013 1 \u2013 1948 par l\u2019effet d\u2019un arr\u00eat [&hellip;]","protected":false},"author":1,"featured_media":0,"parent":215,"menu_order":2,"comment_status":"closed","ping_status":"closed","template":"","meta":{"footnotes":""},"class_list":["post-218","page","type-page","status-publish","hentry"],"_links":{"self":[{"href":"https:\/\/ambyaounde.esteri.it\/fr\/wp-json\/wp\/v2\/pages\/218","targetHints":{"allow":["GET"]}}],"collection":[{"href":"https:\/\/ambyaounde.esteri.it\/fr\/wp-json\/wp\/v2\/pages"}],"about":[{"href":"https:\/\/ambyaounde.esteri.it\/fr\/wp-json\/wp\/v2\/types\/page"}],"author":[{"embeddable":true,"href":"https:\/\/ambyaounde.esteri.it\/fr\/wp-json\/wp\/v2\/users\/1"}],"replies":[{"embeddable":true,"href":"https:\/\/ambyaounde.esteri.it\/fr\/wp-json\/wp\/v2\/comments?post=218"}],"version-history":[{"count":8,"href":"https:\/\/ambyaounde.esteri.it\/fr\/wp-json\/wp\/v2\/pages\/218\/revisions"}],"predecessor-version":[{"id":414,"href":"https:\/\/ambyaounde.esteri.it\/fr\/wp-json\/wp\/v2\/pages\/218\/revisions\/414"}],"up":[{"embeddable":true,"href":"https:\/\/ambyaounde.esteri.it\/fr\/wp-json\/wp\/v2\/pages\/215"}],"wp:attachment":[{"href":"https:\/\/ambyaounde.esteri.it\/fr\/wp-json\/wp\/v2\/media?parent=218"}],"curies":[{"name":"wp","href":"https:\/\/api.w.org\/{rel}","templated":true}]}}