{"id":551,"date":"2023-09-05T10:15:11","date_gmt":"2023-09-05T09:15:11","guid":{"rendered":"https:\/\/ambyaounde.esteri.it\/servizi-consolari-e-visti\/servizi-per-il-cittadino-straniero\/visti\/visto-turismo\/"},"modified":"2023-09-05T10:17:15","modified_gmt":"2023-09-05T09:17:15","slug":"visto-turismo","status":"publish","type":"page","link":"https:\/\/ambyaounde.esteri.it\/fr\/servizi-consolari-e-visti\/servizi-per-il-cittadino-straniero\/visti\/visto-turismo\/","title":{"rendered":"Visa Tourisme"},"content":{"rendered":"<p>Nous informons les usagers que les demandes de visa touristique ne doivent PAS \u00eatre soumises directement \u00e0 l&rsquo;Ambassade, mais uniquement \u00e0 l&rsquo;agence BLS, dont les coordonn\u00e9es sont indiqu\u00e9es ci-dessous :<\/p>\n<p><i><strong>\u00a0<\/strong>(<a href=\"https:\/\/www.blsitalyvisa.com\/cameroon\/\" target=\"_blank\" rel=\"noopener noreferrer\">https:\/\/www.blsitalyvisa.com\/cameroon\/<\/a>)<\/i><i><\/i><i><\/i><\/p>\n<p><strong>DOUALA<\/strong>: Agence BLS -II Centre Commercial l\u2019ATRIUM, immeuble Spar, 1er \u00e9tage derri\u00e8re Delsey Showroom, bureau n. bt 10-11.<\/p>\n<div dir=\"ltr\"><strong>YAOUNDE<\/strong>: Agence BLS \u2013 Y-BUILDING, RUE 1775 Nouvelle Route Bastos, 1er \u00e9tage.<\/div>\n<p><i><\/i><\/p>\n<p><strong>DOCUMENTATION \u00c0 SOUMETTRE<\/strong>\u00a0:<\/p>\n<p>1. Formulaire de demande de visa Schengen (C), d\u00fbment rempli et sign\u00e9.<\/p>\n<p>2. Deux (2) photos d&rsquo;identit\u00e9 r\u00e9centes en couleur sur fond blanc (3,5 x 4,5 cm).<\/p>\n<p>3. Passeport en cours de validit\u00e9 (dont la date d&rsquo;expiration est sup\u00e9rieure d&rsquo;au moins trois mois \u00e0 celle du visa demand\u00e9), comportant au moins deux pages vierges + photocopie des deux premi\u00e8res pages et des pages contenant les visas et cachets d&rsquo;entr\u00e9e et de sortie de l&rsquo;espace Schengen les plus r\u00e9cents.<\/p>\n<p>4. Photocopie de la carte d&rsquo;identit\u00e9 ou du permis de s\u00e9jour pour les ressortissants d&rsquo;autres pays.<\/p>\n<p>5. Originaux et photocopies des documents relatifs \u00e0 la situation socio-\u00e9conomique du demandeur (contrat de travail, attestation de service, fiches de paie, lettre de cong\u00e9, registre du commerce, contrats de location, etc.).<\/p>\n<p>6. Preuve de la possession de moyens \u00e9conomiques de subsistance ad\u00e9quats, par rapport \u00e0 la p\u00e9riode de s\u00e9jour demand\u00e9e, non inf\u00e9rieurs \u00e0 ceux pr\u00e9vus dans le \u00ab\u00a0Tableau A\u00a0\u00bb de la Directive du Minist\u00e8re de l&rsquo;Int\u00e9rieur du 01.03.2000 (relev\u00e9s de compte bancaires, actes de propri\u00e9t\u00e9, etc.).<\/p>\n<p>7. R\u00e9servation d&rsquo;un billet d&rsquo;avion aller-retour.<\/p>\n<p>8. Disponibilit\u00e9 de l&rsquo;h\u00e9bergement (r\u00e9servation d&rsquo;h\u00f4tel ou d\u00e9claration d&rsquo;hospitalit\u00e9 avec prise en charge \u00e9ventuelle des frais d&rsquo;h\u00e9bergement par la partie invitante et \u00e9ventuelle garantie bancaire).<\/p>\n<p>9. Assurance maladie avec une couverture minimale de 30 000 \u20ac pour les frais d&rsquo;hospitalisation d&rsquo;urgence et de rapatriement, valable dans tout l&rsquo;espace Schengen.<\/p>\n<p>&nbsp;<\/p>\n<p><strong>ANNEXES<\/strong><\/p>\n<p>&#8211;\u00a0<a href=\"https:\/\/ambyaounde.esteri.it\/wp-content\/uploads\/2023\/09\/formulario_visto_schengen_fr.pdf\">Formulaire de demande de visa Schengen (C)<\/a><\/p>\n<p>&#8211;\u00a0<a href=\"https:\/\/ambyaounde.esteri.it\/wp-content\/uploads\/2023\/09\/dichiarazione_di_ospitalita.pdf\">D\u00e9claration d&rsquo;hospitalit\u00e9<\/a><\/p>\n<p>&nbsp;<\/p>\n<p><strong>NOTES<\/strong><\/p>\n<p>&#8211; Le service des visas se r\u00e9serve le droit de demander des documents suppl\u00e9mentaires, si n\u00e9cessaire, en plus de ceux indiqu\u00e9s ci-dessus et de v\u00e9rifier l&rsquo;authenticit\u00e9 des documents pr\u00e9sent\u00e9s.<\/p>\n<p>&#8211; La pr\u00e9sentation de la documentation compl\u00e8te n\u2019implique pas n\u00e9cessairement la d\u00e9livrance d&rsquo;un visa.<\/p>\n<p>&#8211; La pr\u00e9sentation de documents contrefaits et\/ou falsifi\u00e9s entra\u00eenera le refus du visa et sera signal\u00e9e aux Autorit\u00e9s italiennes et camerounaises comp\u00e9tentes.<\/p>\n<p>&#8211; Au moment de l&rsquo;entr\u00e9e en Italie et dans l&rsquo;espace Schengen, m\u00eame si vous \u00eates en possession d&rsquo;un visa valide, les Autorit\u00e9s frontali\u00e8res se r\u00e9servent le droit de demander \u00e0 nouveau les documents qui ont permis la d\u00e9livrance du visa.<\/p>\n<p>Pour de plus amples informations, veuillez consulter :\u00a0<a href=\"https:\/\/vistoperitalia.esteri.it\/home.aspx\">https:\/\/vistoperitalia.esteri.it\/home.aspx<\/a><\/p>\n","protected":false},"excerpt":{"rendered":"Nous informons les usagers que les demandes de visa touristique ne doivent PAS \u00eatre soumises directement \u00e0 l&rsquo;Ambassade, mais uniquement \u00e0 l&rsquo;agence BLS, dont les coordonn\u00e9es sont indiqu\u00e9es ci-dessous : \u00a0(https:\/\/www.blsitalyvisa.com\/cameroon\/) DOUALA: Agence BLS -II Centre Commercial l\u2019ATRIUM, immeuble Spar, 1er \u00e9tage derri\u00e8re Delsey Showroom, bureau n. bt 10-11. YAOUNDE: Agence BLS \u2013 Y-BUILDING, RUE [&hellip;]","protected":false},"author":7,"featured_media":0,"parent":217,"menu_order":0,"comment_status":"closed","ping_status":"closed","template":"","meta":{"footnotes":""},"class_list":["post-551","page","type-page","status-publish","hentry"],"_links":{"self":[{"href":"https:\/\/ambyaounde.esteri.it\/fr\/wp-json\/wp\/v2\/pages\/551","targetHints":{"allow":["GET"]}}],"collection":[{"href":"https:\/\/ambyaounde.esteri.it\/fr\/wp-json\/wp\/v2\/pages"}],"about":[{"href":"https:\/\/ambyaounde.esteri.it\/fr\/wp-json\/wp\/v2\/types\/page"}],"author":[{"embeddable":true,"href":"https:\/\/ambyaounde.esteri.it\/fr\/wp-json\/wp\/v2\/users\/7"}],"replies":[{"embeddable":true,"href":"https:\/\/ambyaounde.esteri.it\/fr\/wp-json\/wp\/v2\/comments?post=551"}],"version-history":[{"count":2,"href":"https:\/\/ambyaounde.esteri.it\/fr\/wp-json\/wp\/v2\/pages\/551\/revisions"}],"predecessor-version":[{"id":554,"href":"https:\/\/ambyaounde.esteri.it\/fr\/wp-json\/wp\/v2\/pages\/551\/revisions\/554"}],"up":[{"embeddable":true,"href":"https:\/\/ambyaounde.esteri.it\/fr\/wp-json\/wp\/v2\/pages\/217"}],"wp:attachment":[{"href":"https:\/\/ambyaounde.esteri.it\/fr\/wp-json\/wp\/v2\/media?parent=551"}],"curies":[{"name":"wp","href":"https:\/\/api.w.org\/{rel}","templated":true}]}}