{"id":557,"date":"2023-09-05T10:19:40","date_gmt":"2023-09-05T09:19:40","guid":{"rendered":"https:\/\/ambyaounde.esteri.it\/servizi-consolari-e-visti\/servizi-per-il-cittadino-straniero\/visti\/visto-turismo-familiare-ue-figlio-a\/"},"modified":"2023-09-05T10:21:12","modified_gmt":"2023-09-05T09:21:12","slug":"visto-turismo-familiare-ue-figlio-a","status":"publish","type":"page","link":"https:\/\/ambyaounde.esteri.it\/fr\/servizi-consolari-e-visti\/servizi-per-il-cittadino-straniero\/visti\/visto-turismo-familiare-ue-figlio-a\/","title":{"rendered":"Visa Tourisme &#8211; Famille de citoyen europ\u00e9en (enfants)"},"content":{"rendered":"<p>N.B. Les \u00e9trangers consid\u00e9r\u00e9s membres de la famille de citoyens italiens aux fins de l&rsquo;obtention d&rsquo;un visa sont :<\/p>\n<p>&#8211; le conjoint (ou partie d&rsquo;une union civile);<\/p>\n<p>&#8211; les descendants directs \u00e2g\u00e9s de moins de 21 ans ou \u00e0 charge (et ceux du conjoint);<\/p>\n<p>&#8211; les ascendants directs \u00e0 charge (et ceux du conjoint).<\/p>\n<p>La d\u00e9livrance du visa est subordonn\u00e9e \u00e0 la v\u00e9rification du lien de filiation. Il sera donc n\u00e9cessaire de contacter notre Repr\u00e9sentation diplomatique \u00e0 consolare.yaounde@esteri.it, avant d&rsquo;introduire la demande de visa, afin de prendre rendez-vous pour la l\u00e9galisation de l&rsquo;acte de naissance du demandeur.<\/p>\n<p>&nbsp;<\/p>\n<p><strong>DOCUMENTATION \u00c0 SOUMETTRE<\/strong>\u00a0:<\/p>\n<p>1. Formulaire de demande de visa Schengen (C), d\u00fbment rempli et sign\u00e9.<\/p>\n<p>2. Deux (2) photos d&rsquo;identit\u00e9 r\u00e9centes en couleur sur fond blanc (3,5 x 4,5 cm).<\/p>\n<p>3. Passeport en cours de validit\u00e9 (dont la date d&rsquo;expiration est sup\u00e9rieure d&rsquo;au moins trois mois \u00e0 celle du visa demand\u00e9), comportant au moins deux pages vierges + photocopie des deux premi\u00e8res pages et des pages contenant les visas et cachets d&rsquo;entr\u00e9e et de sortie de l&rsquo;espace Schengen les plus r\u00e9cents.<\/p>\n<p>4. Photocopie de la carte d&rsquo;identit\u00e9 camerounaise ou du permis de s\u00e9jour pour les ressortissants d&rsquo;autres pays.<\/p>\n<p>5. Preuve de la nationalit\u00e9 italienne du parent ou du conjoint invitant.<\/p>\n<p>6. D\u00e9claration d&rsquo;hospitalit\u00e9 et copie de la pi\u00e8ce d&rsquo;identit\u00e9 de la partie invitante.<\/p>\n<p>7. Preuve des liens familiaux : acte de naissance du demandeur, l\u00e9galis\u00e9 par notre Ambassade.<\/p>\n<p>8. Si le demandeur est mineur, autorisation parentale r\u00e9cente (moins de 3 mois) du consentement de l&rsquo;autre parent \u00e0 voyager \u00e0 l&rsquo;\u00e9tranger, \u00e0 produire au commissariat de police si le parent en question r\u00e9side au Cameroun, ou \u00e0 l&rsquo;Autorit\u00e9 comp\u00e9tente en Italie ou dans le pays de r\u00e9sidence \u00e0 l&rsquo;\u00e9tranger (dans ce dernier cas, le permis de s\u00e9jour doit \u00eatre fourni).<\/p>\n<p>9. Si l&rsquo;enfant est mineur, en cas de s\u00e9paration ou de divorce des parents, fournir des documents pr\u00e9cisant qui est le parent qui a la garde.<\/p>\n<p>10. R\u00e9servation du billet d&rsquo;avion et indication \u00e9ventuelle de la compagnie a\u00e9rienne accompagnatrice pour les mineurs de moins de 14 ans voyageant seuls.<\/p>\n<p><strong>N.B.<\/strong>\u00a0Les demandeurs qui souhaitent s&rsquo;installer en Italie \u00e0 long terme doivent en tout cas demander un visa Schengen de court s\u00e9jour : il est de leur responsabilit\u00e9 ensuite de demander ensuite un permis de s\u00e9jour en Italie \u00e0 la pr\u00e9fecture comp\u00e9tente.<\/p>\n<p>&nbsp;<\/p>\n<p><strong>ANNEXES<\/strong><\/p>\n<p>&#8211;\u00a0<a href=\"https:\/\/ambyaounde.esteri.it\/wp-content\/uploads\/2023\/09\/formulario_visto_schengen_fr.pdf\">Formulaire de demande de visa Schengen (C)<\/a><\/p>\n<p>&#8211;\u00a0<a href=\"https:\/\/ambyaounde.esteri.it\/wp-content\/uploads\/2023\/09\/dichiarazione_di_ospitalita.pdf\">D\u00e9claration d&rsquo;hospitalit\u00e9<\/a><\/p>\n<p>&nbsp;<\/p>\n<p><strong>NOTES<\/strong><\/p>\n<p>&#8211; Le service des visas se r\u00e9serve le droit de demander des documents suppl\u00e9mentaires, si n\u00e9cessaire, en plus de ceux indiqu\u00e9s ci-dessus, et de v\u00e9rifier l&rsquo;authenticit\u00e9 de la documentation soumise.<\/p>\n<p>&#8211; La pr\u00e9sentation d&rsquo;une documentation compl\u00e8te n\u2019implique pas n\u00e9cessairement la d\u00e9livrance d&rsquo;un visa.<\/p>\n<p>&#8211; La pr\u00e9sentation de documents contrefaits et\/ou falsifi\u00e9s entra\u00eenera le refus du visa et sera signal\u00e9e aux Autorit\u00e9s italiennes et camerounaises comp\u00e9tentes.<\/p>\n<p>&#8211; Au moment de l&rsquo;entr\u00e9e en Italie et dans l&rsquo;espace Schengen, m\u00eame si vous \u00eates en possession d&rsquo;un visa valide, les Autorit\u00e9s frontali\u00e8res se r\u00e9servent le droit de demander \u00e0 nouveau les documents qui ont permis la d\u00e9livrance du visa.<\/p>\n<p>Pour de plus amples informations, veuillez consulter :\u00a0<a href=\"https:\/\/vistoperitalia.esteri.it\/home.aspx\">https:\/\/vistoperitalia.esteri.it\/home.aspx<\/a><\/p>\n","protected":false},"excerpt":{"rendered":"N.B. Les \u00e9trangers consid\u00e9r\u00e9s membres de la famille de citoyens italiens aux fins de l&rsquo;obtention d&rsquo;un visa sont : &#8211; le conjoint (ou partie d&rsquo;une union civile); &#8211; les descendants directs \u00e2g\u00e9s de moins de 21 ans ou \u00e0 charge (et ceux du conjoint); &#8211; les ascendants directs \u00e0 charge (et ceux du conjoint). La [&hellip;]","protected":false},"author":7,"featured_media":0,"parent":217,"menu_order":2,"comment_status":"closed","ping_status":"closed","template":"","meta":{"footnotes":""},"class_list":["post-557","page","type-page","status-publish","hentry"],"_links":{"self":[{"href":"https:\/\/ambyaounde.esteri.it\/fr\/wp-json\/wp\/v2\/pages\/557","targetHints":{"allow":["GET"]}}],"collection":[{"href":"https:\/\/ambyaounde.esteri.it\/fr\/wp-json\/wp\/v2\/pages"}],"about":[{"href":"https:\/\/ambyaounde.esteri.it\/fr\/wp-json\/wp\/v2\/types\/page"}],"author":[{"embeddable":true,"href":"https:\/\/ambyaounde.esteri.it\/fr\/wp-json\/wp\/v2\/users\/7"}],"replies":[{"embeddable":true,"href":"https:\/\/ambyaounde.esteri.it\/fr\/wp-json\/wp\/v2\/comments?post=557"}],"version-history":[{"count":2,"href":"https:\/\/ambyaounde.esteri.it\/fr\/wp-json\/wp\/v2\/pages\/557\/revisions"}],"predecessor-version":[{"id":559,"href":"https:\/\/ambyaounde.esteri.it\/fr\/wp-json\/wp\/v2\/pages\/557\/revisions\/559"}],"up":[{"embeddable":true,"href":"https:\/\/ambyaounde.esteri.it\/fr\/wp-json\/wp\/v2\/pages\/217"}],"wp:attachment":[{"href":"https:\/\/ambyaounde.esteri.it\/fr\/wp-json\/wp\/v2\/media?parent=557"}],"curies":[{"name":"wp","href":"https:\/\/api.w.org\/{rel}","templated":true}]}}