{"id":567,"date":"2023-09-05T10:44:17","date_gmt":"2023-09-05T09:44:17","guid":{"rendered":"https:\/\/ambyaounde.esteri.it\/servizi-consolari-e-visti\/servizi-per-il-cittadino-straniero\/visti\/visto-turismo-familiare-ue-genitore\/"},"modified":"2023-09-05T10:45:57","modified_gmt":"2023-09-05T09:45:57","slug":"visto-turismo-familiare-ue-genitore","status":"publish","type":"page","link":"https:\/\/ambyaounde.esteri.it\/fr\/servizi-consolari-e-visti\/servizi-per-il-cittadino-straniero\/visti\/visto-turismo-familiare-ue-genitore\/","title":{"rendered":"Visa Tourisme &#8211; Famille de citoyen europ\u00e9en (parent)"},"content":{"rendered":"<p>N.B. Les \u00e9trangers qui sont consid\u00e9r\u00e9s comme membres de la famille de citoyens italiens aux fins de l&rsquo;obtention d&rsquo;un visa sont :<\/p>\n<p>&#8211; le conjoint (ou partie d&rsquo;une union civile);<\/p>\n<p>&#8211; les descendants directs \u00e2g\u00e9s de moins de 21 ans ou \u00e0 charge (et ceux du conjoint);<\/p>\n<p>&#8211; les ascendants directs d\u00e9pendants (et ceux du conjoint).<\/p>\n<p>La d\u00e9livrance du visa est subordonn\u00e9e \u00e0 la v\u00e9rification du lien de filiation. Il sera donc n\u00e9cessaire de contacter notre repr\u00e9sentation<br \/>\ndiplomatique \u00e0 consolare.yaounde@esteri.it, avant d&rsquo;introduire la demande de visa, afin de prendre rendez-vous pour la l\u00e9galisation de l&rsquo;acte de naissance de l&rsquo;enfant.<\/p>\n<p>&nbsp;<\/p>\n<p><strong>DOCUMENTATION \u00c0 SOUMETTRE<\/strong>\u00a0:<\/p>\n<p>1. Formulaire de demande de visa Schengen (C), d\u00fbment rempli et sign\u00e9.<\/p>\n<p>2. Deux (2) photos d&rsquo;identit\u00e9 r\u00e9centes en couleur sur fond blanc (3,5 x 4,5 cm).<\/p>\n<p>3. Passeport en cours de validit\u00e9 (dont la date d&rsquo;expiration est sup\u00e9rieure d&rsquo;au moins trois mois \u00e0 celle du visa demand\u00e9), comportant au moins deux pages vierges + photocopie des deux premi\u00e8res pages et des pages contenant les visas et cachets d&rsquo;entr\u00e9e et de sortie de l&rsquo;espace Schengen les plus r\u00e9cents.<\/p>\n<p>4. Photocopie de la carte d&rsquo;identit\u00e9 camerounaise ou du permis de s\u00e9jour pour les ressortissants d&rsquo;autres pays.<\/p>\n<p>5. Preuve de la nationalit\u00e9 italienne de la personne invitante (ou de son conjoint).<\/p>\n<p>6. D\u00e9claration d&rsquo;hospitalit\u00e9 et copie de la carte d&rsquo;identit\u00e9 de la personne invitante.<\/p>\n<p>7. Copie de l&rsquo;acte de naissance du parent demandeur, l\u00e9galis\u00e9e aupr\u00e8s du Minist\u00e8re des Affaires Etrang\u00e8res du pays de naissance.<\/p>\n<p>8. Documents d&rsquo;\u00e9tat civil prouvant le lien de parent\u00e9 avec le ressortissant italien :<\/p>\n<ul>\n<li>8.1. Si parent du ressortissant italien : copie de l&rsquo;acte de naissance de l&rsquo;enfant transcrit dans les registres de l&rsquo;\u00e9tat civil italien.<\/li>\n<li>8.2. Si parent du conjoint : acte de naissance de l&rsquo;enfant l\u00e9galis\u00e9 par notre Ambassade + acte de mariage l\u00e9galement reconnu en Italie.<\/li>\n<\/ul>\n<p>9. Originaux et photocopies des 6 derniers re\u00e7us prouvant l&rsquo;envoi d&rsquo;argent par l&rsquo;invitant au demandeur ou autres documents prouvant la prise en charge financi\u00e8re.<\/p>\n<p>10. R\u00e9servation de billets d&rsquo;avion.<\/p>\n<p><strong>N.B<\/strong>. Les demandeurs qui souhaitent s&rsquo;installer en Italie \u00e0 long terme doivent en tout cas demander un visa Schengen de courte dur\u00e9e : il est de leur responsabilit\u00e9 de demander ensuite un permis de s\u00e9jour en Italie aupr\u00e8s de la Pr\u00e9fecture comp\u00e9tente.<\/p>\n<p>&nbsp;<\/p>\n<p><strong>ANNEXES<\/strong><\/p>\n<p>&#8211;\u00a0<a href=\"https:\/\/ambyaounde.esteri.it\/wp-content\/uploads\/2023\/09\/formulario_visto_schengen_fr.pdf\">Formulaire de demande de visa Schengen (C)<\/a><\/p>\n<p>&#8211;\u00a0<a href=\"https:\/\/ambyaounde.esteri.it\/wp-content\/uploads\/2023\/09\/dichiarazione_di_ospitalita.pdf\">D\u00e9claration d&rsquo;hospitalit\u00e9<\/a><\/p>\n<p>&nbsp;<\/p>\n<p><strong>NOTES<\/strong><\/p>\n<p>&#8211; Le service des visas se r\u00e9serve le droit de demander des documents suppl\u00e9mentaires, si n\u00e9cessaire, en plus de ceux \u00e9num\u00e9r\u00e9s ci-dessus, et de v\u00e9rifier l&rsquo;authenticit\u00e9 des documents soumis.<\/p>\n<p>&#8211; La pr\u00e9sentation d&rsquo;une documentation compl\u00e8te ne conduit pas n\u00e9cessairement \u00e0 la d\u00e9livrance d&rsquo;un visa.<\/p>\n<p>&#8211; La pr\u00e9sentation de documents contrefaits et\/ou falsifi\u00e9s entra\u00eenera le refus du visa et sera signal\u00e9e aux Autorit\u00e9s italiennes et camerounaises comp\u00e9tentes.<\/p>\n<p>&#8211; Au moment de l&rsquo;entr\u00e9e en Italie et dans l&rsquo;espace Schengen, m\u00eame si vous \u00eates en possession d&rsquo;un visa valide, les Autorit\u00e9s frontali\u00e8res se r\u00e9servent le droit de demander \u00e0 nouveau les documents qui ont permis la d\u00e9livrance du visa.<\/p>\n<p>Pour de plus amples informations, veuillez consulter :\u00a0<a href=\"https:\/\/vistoperitalia.esteri.it\/home.aspx\">https:\/\/vistoperitalia.esteri.it\/home.aspx<\/a><\/p>\n<p>&nbsp;<\/p>\n","protected":false},"excerpt":{"rendered":"N.B. Les \u00e9trangers qui sont consid\u00e9r\u00e9s comme membres de la famille de citoyens italiens aux fins de l&rsquo;obtention d&rsquo;un visa sont : &#8211; le conjoint (ou partie d&rsquo;une union civile); &#8211; les descendants directs \u00e2g\u00e9s de moins de 21 ans ou \u00e0 charge (et ceux du conjoint); &#8211; les ascendants directs d\u00e9pendants (et ceux du [&hellip;]","protected":false},"author":7,"featured_media":0,"parent":217,"menu_order":6,"comment_status":"closed","ping_status":"closed","template":"","meta":{"footnotes":""},"class_list":["post-567","page","type-page","status-publish","hentry"],"_links":{"self":[{"href":"https:\/\/ambyaounde.esteri.it\/fr\/wp-json\/wp\/v2\/pages\/567","targetHints":{"allow":["GET"]}}],"collection":[{"href":"https:\/\/ambyaounde.esteri.it\/fr\/wp-json\/wp\/v2\/pages"}],"about":[{"href":"https:\/\/ambyaounde.esteri.it\/fr\/wp-json\/wp\/v2\/types\/page"}],"author":[{"embeddable":true,"href":"https:\/\/ambyaounde.esteri.it\/fr\/wp-json\/wp\/v2\/users\/7"}],"replies":[{"embeddable":true,"href":"https:\/\/ambyaounde.esteri.it\/fr\/wp-json\/wp\/v2\/comments?post=567"}],"version-history":[{"count":2,"href":"https:\/\/ambyaounde.esteri.it\/fr\/wp-json\/wp\/v2\/pages\/567\/revisions"}],"predecessor-version":[{"id":569,"href":"https:\/\/ambyaounde.esteri.it\/fr\/wp-json\/wp\/v2\/pages\/567\/revisions\/569"}],"up":[{"embeddable":true,"href":"https:\/\/ambyaounde.esteri.it\/fr\/wp-json\/wp\/v2\/pages\/217"}],"wp:attachment":[{"href":"https:\/\/ambyaounde.esteri.it\/fr\/wp-json\/wp\/v2\/media?parent=567"}],"curies":[{"name":"wp","href":"https:\/\/api.w.org\/{rel}","templated":true}]}}