{"id":623,"date":"2023-10-06T15:00:10","date_gmt":"2023-10-06T14:00:10","guid":{"rendered":"https:\/\/ambyaounde.esteri.it\/servizi-consolari-e-visti\/servizi-per-il-cittadino-straniero\/visti\/visto-per-affari\/"},"modified":"2023-10-06T15:02:00","modified_gmt":"2023-10-06T14:02:00","slug":"visto-per-affari","status":"publish","type":"page","link":"https:\/\/ambyaounde.esteri.it\/fr\/servizi-consolari-e-visti\/servizi-per-il-cittadino-straniero\/visti\/visto-per-affari\/","title":{"rendered":"Visa Affaires"},"content":{"rendered":"<p>Nous informons les usagers que les demandes de visa d&rsquo;affaires ne doivent PAS \u00eatre soumises directement \u00e0 l&rsquo;Ambassade, mais uniquement \u00e0 l&rsquo;agence BLS, dont les coordonn\u00e9es sont indiqu\u00e9es ci-dessous :<\/p>\n<p><i><a href=\"https:\/\/www.blsitalyvisa.com\/cameroon\/\" target=\"_blank\" rel=\"noopener noreferrer\">https:\/\/www.blsitalyvisa.com\/cameroon\/<\/a><\/i><\/p>\n<p><strong>DOUALA<\/strong>: Agence BLS -II Centre Commercial l\u2019ATRIUM, immeuble Spar, 1er \u00e9tage derri\u00e8re Delsey Showroom, bureau n. bt 10-11.<\/p>\n<div dir=\"ltr\"><strong>YAOUNDE<\/strong>: Agence BLS \u2013 Y-BUILDING, RUE 1775 Nouvelle Route Bastos, 1er \u00e9tage.<\/div>\n<p>&nbsp;<\/p>\n<p><strong>DOCUMENTATION \u00c0 SOUMETTRE<\/strong>\u00a0:<\/p>\n<p>1. Formulaire de demande de visa Schengen (C), d\u00fbment rempli et sign\u00e9.<\/p>\n<p>2. Deux (2) photos d&rsquo;identit\u00e9 r\u00e9centes en couleur sur fond blanc (3,5 x 4,5 cm).<\/p>\n<p>3. Passeport en cours de validit\u00e9 (expirant au moins trois mois apr\u00e8s la date d&rsquo;expiration du visa demand\u00e9), comportant au moins deux pages vierges + photocopie des deux premi\u00e8res pages et des pages portant le visa le plus r\u00e9cent et les cachets d&rsquo;entr\u00e9e et de sortie de l&rsquo;espace Schengen.<\/p>\n<p>4. Preuve du statut d'\u00a0\u00bbop\u00e9rateur \u00e9conomique et commercial\u00a0\u00bb du demandeur (inscription \u00e0 la Chambre de Commerce locale, etc.).<\/p>\n<p>5. Preuve de la finalit\u00e9 \u00e9conomique et commerciale du voyage (lettre d&rsquo;invitation de l&rsquo;entreprise en Italie, certificat de la Chambre de Commerce de l&rsquo;entreprise invitante, \u00e9ventuelles factures ant\u00e9rieures en Italie, etc.).<\/p>\n<p>6. Preuve de la possession de moyens \u00e9conomiques de subsistance ad\u00e9quats, par rapport \u00e0 la p\u00e9riode de s\u00e9jour demand\u00e9e, non inf\u00e9rieurs \u00e0 ceux pr\u00e9vus dans le \u00ab\u00a0Tableau A\u00a0\u00bb de la Directive du Minist\u00e8re de l&rsquo;Int\u00e9rieur du 01.03.2000 (relev\u00e9s bancaires, actes de propri\u00e9t\u00e9, etc.).<\/p>\n<p>7. Disponibilit\u00e9 du logement (r\u00e9servation d&rsquo;h\u00f4tel, d\u00e9claration d&rsquo;hospitalit\u00e9, d\u00e9claration \u00e9ventuelle de prise en charge des frais de logement par la soci\u00e9t\u00e9 italienne, etc.).<\/p>\n<p>8. R\u00e9servation d&rsquo;un billet d&rsquo;avion aller-retour.<\/p>\n<p>9. Assurance maladie avec une couverture minimale de 30.000 \u20ac pour les frais d&rsquo;hospitalisation d&rsquo;urgence et de rapatriement, valable dans tout l&rsquo;espace Schengen.<\/p>\n<p>&nbsp;<\/p>\n<p><strong>ANNEXES<\/strong><\/p>\n<p>&#8211;\u00a0<a href=\"https:\/\/ambyaounde.esteri.it\/wp-content\/uploads\/2023\/09\/formulario_visto_schengen_fr.pdf\">Formulaire de demande de visa Schengen (C)<\/a><\/p>\n<p>&#8211;\u00a0<a href=\"https:\/\/ambyaounde.esteri.it\/wp-content\/uploads\/2023\/10\/modello_di_invito_per_affari.pdf\">Lettre d&rsquo;invitation d&rsquo;affaires<\/a><\/p>\n<p>&#8211;\u00a0<a href=\"https:\/\/ambyaounde.esteri.it\/wp-content\/uploads\/2023\/10\/dichiarazione_di_ospitalita_affari.pdf\">D\u00e9claration d&rsquo;hospitalit\u00e9<\/a><\/p>\n<p>&nbsp;<\/p>\n<p><strong>NOTES<\/strong><\/p>\n<p>&#8211; Le service des visas se r\u00e9serve le droit de demander des documents suppl\u00e9mentaires, si n\u00e9cessaire, en plus de ceux \u00e9num\u00e9r\u00e9s ci-dessus et de v\u00e9rifier l&rsquo;authenticit\u00e9 des documents pr\u00e9sent\u00e9s.<\/p>\n<p>&#8211; La pr\u00e9sentation d&rsquo;une documentation compl\u00e8te n\u2019implique pas n\u00e9cessairement la d\u00e9livrance d&rsquo;un visa.<\/p>\n<p>&#8211; La pr\u00e9sentation de documents contrefaits et\/ou falsifi\u00e9s entra\u00eenera le refus du visa et sera signal\u00e9e aux Autorit\u00e9s italiennes et camerounaises comp\u00e9tentes.<\/p>\n<p>&#8211; Au moment de l&rsquo;entr\u00e9e en Italie et dans l&rsquo;espace Schengen, m\u00eame si vous \u00eates en possession d&rsquo;un visa valide, les Autorit\u00e9s frontali\u00e8res se r\u00e9servent le droit de demander \u00e0 nouveau les documents qui ont permis la d\u00e9livrance du visa.<\/p>\n<p>Pour de plus amples informations, veuillez consulter :\u00a0<a href=\"https:\/\/vistoperitalia.esteri.it\/home.aspx\">https:\/\/vistoperitalia.esteri.it\/home.aspx<\/a><\/p>\n","protected":false},"excerpt":{"rendered":"Nous informons les usagers que les demandes de visa d&rsquo;affaires ne doivent PAS \u00eatre soumises directement \u00e0 l&rsquo;Ambassade, mais uniquement \u00e0 l&rsquo;agence BLS, dont les coordonn\u00e9es sont indiqu\u00e9es ci-dessous : https:\/\/www.blsitalyvisa.com\/cameroon\/ DOUALA: Agence BLS -II Centre Commercial l\u2019ATRIUM, immeuble Spar, 1er \u00e9tage derri\u00e8re Delsey Showroom, bureau n. bt 10-11. YAOUNDE: Agence BLS \u2013 Y-BUILDING, RUE [&hellip;]","protected":false},"author":7,"featured_media":0,"parent":217,"menu_order":8,"comment_status":"closed","ping_status":"closed","template":"","meta":{"footnotes":""},"class_list":["post-623","page","type-page","status-publish","hentry"],"_links":{"self":[{"href":"https:\/\/ambyaounde.esteri.it\/fr\/wp-json\/wp\/v2\/pages\/623","targetHints":{"allow":["GET"]}}],"collection":[{"href":"https:\/\/ambyaounde.esteri.it\/fr\/wp-json\/wp\/v2\/pages"}],"about":[{"href":"https:\/\/ambyaounde.esteri.it\/fr\/wp-json\/wp\/v2\/types\/page"}],"author":[{"embeddable":true,"href":"https:\/\/ambyaounde.esteri.it\/fr\/wp-json\/wp\/v2\/users\/7"}],"replies":[{"embeddable":true,"href":"https:\/\/ambyaounde.esteri.it\/fr\/wp-json\/wp\/v2\/comments?post=623"}],"version-history":[{"count":2,"href":"https:\/\/ambyaounde.esteri.it\/fr\/wp-json\/wp\/v2\/pages\/623\/revisions"}],"predecessor-version":[{"id":625,"href":"https:\/\/ambyaounde.esteri.it\/fr\/wp-json\/wp\/v2\/pages\/623\/revisions\/625"}],"up":[{"embeddable":true,"href":"https:\/\/ambyaounde.esteri.it\/fr\/wp-json\/wp\/v2\/pages\/217"}],"wp:attachment":[{"href":"https:\/\/ambyaounde.esteri.it\/fr\/wp-json\/wp\/v2\/media?parent=623"}],"curies":[{"name":"wp","href":"https:\/\/api.w.org\/{rel}","templated":true}]}}