{"id":635,"date":"2023-10-06T15:14:24","date_gmt":"2023-10-06T14:14:24","guid":{"rendered":"https:\/\/ambyaounde.esteri.it\/servizi-consolari-e-visti\/servizi-per-il-cittadino-straniero\/visti\/visto-per-studio\/"},"modified":"2023-10-06T15:26:03","modified_gmt":"2023-10-06T14:26:03","slug":"visto-per-studio","status":"publish","type":"page","link":"https:\/\/ambyaounde.esteri.it\/fr\/servizi-consolari-e-visti\/servizi-per-il-cittadino-straniero\/visti\/visto-per-studio\/","title":{"rendered":"Visa pour \u00e9tudes"},"content":{"rendered":"<p>Nous informons les \u00e9tudiants que les demandes de visa pour les \u00e9tudes de premier et de deuxi\u00e8me cycle ne doivent PAS \u00eatre soumises directement \u00e0 l&rsquo;Ambassade, mais uniquement \u00e0 l&rsquo;agence BLS, dont les coordonn\u00e9es sont indiqu\u00e9es ci-dessous :<\/p>\n<p><i><a href=\"https:\/\/www.blsitalyvisa.com\/cameroon\/\" target=\"_blank\" rel=\"noopener noreferrer\">https:\/\/www.blsitalyvisa.com\/cameroon\/<\/a><br \/>\n<\/i><\/p>\n<p><strong>DOUALA<\/strong>: Agence BLS -II Centre Commercial l\u2019ATRIUM, immeuble Spar, 1er \u00e9tage derri\u00e8re Delsey Showroom, bureau n. bt 10-11.<\/p>\n<div dir=\"ltr\"><strong>YAOUNDE<\/strong>: Agence BLS \u2013 Y-BUILDING, RUE 1775 Nouvelle Route Bastos, 1er \u00e9tage.<\/div>\n<p>&nbsp;<\/p>\n<p>&nbsp;<\/p>\n<p><strong>CONDITION PR\u00c9ALABLE<\/strong><\/p>\n<p>Les \u00e9tudiants peuvent demander un visa pour l\u2019inscription \u00e0 l&rsquo;Universit\u00e9 \u00e0 condition d&rsquo;\u00eatre d\u00fbment pr\u00e9enregistr\u00e9s sur le site Universitaly :\u00a0<a href=\"https:\/\/www.universitaly.it\/index.php\/registration\/firststep\">https:\/\/www.universitaly.it\/index.php\/registration\/firststep<\/a><\/p>\n<p>Les int\u00e9ress\u00e9s sont \u00e9galement pri\u00e9s de lire tr\u00e8s attentivement la circulaire concernant les proc\u00e9dures de l\u2019Ann\u00e9e Acad\u00e9mique 2022\/23, qui peut \u00eatre t\u00e9l\u00e9charg\u00e9e en suivant le lien\u00a0<a href=\"https:\/\/www.studiare-in-italia.it\/studentistranieri\/\">https:\/\/www.studiare-in-italia.it\/studentistranieri\/<\/a><\/p>\n<p>&nbsp;<\/p>\n<p><strong>LA DOCUMENTATION \u00c0 SOUMETTRE<\/strong>\u00a0:<\/p>\n<p>1. Formulaire de demande de visa national de long s\u00e9jour (D), d\u00fbment rempli et sign\u00e9.<\/p>\n<p>2. Deux (2) photos d&rsquo;identit\u00e9 r\u00e9centes en couleur sur fond blanc (3,5 x 4,5 cm).<\/p>\n<p>3. Passeport en cours de validit\u00e9 (au moins quinze mois) + photocopie des deux premi\u00e8res pages.<\/p>\n<p>4. Photocopie de la carte d&rsquo;identit\u00e9 camerounaise ou du permis de s\u00e9jour pour les citoyens d&rsquo;autres nationalit\u00e9s.<\/p>\n<p>5. Original et photocopie de l&rsquo;acte de naissance.<\/p>\n<p>6. Original et photocopie du livret de famille ou du certificat de vie collective.<\/p>\n<p>7. Garantie bancaire : pour l&rsquo;ann\u00e9e 2022\/23, elle est de 467,65 \u20ac par mois pour une p\u00e9riode de 13 mois (Circulaire n\u00b0 197 \u00ab\u00a0Renouvellement des pensions, des prestations sociales et des aides \u00e0 la retraite pour l&rsquo;ann\u00e9e 2022\u00a0\u00bb, \u00e9mis par l&rsquo;Istituto Nazionale della Previdenza Sociale (Institut National de la Pr\u00e9voyance Sociale) le 23 d\u00e9cembre 2021, o\u00f9 les valeurs de la \u00ab\u00a0prime sociale\u00a0\u00bb ont \u00e9t\u00e9 annonc\u00e9es), \u00e9gale \u00e0 6.079,45 \u20ac.<\/p>\n<p>8. Documentation prouvant la capacit\u00e9 \u00e9conomico-financi\u00e8re personnelle de l&rsquo;\u00e9tudiant, ou de ses parents, ou de celui qui le prend en charge (comptes bancaires, actes de propri\u00e9t\u00e9 immobili\u00e8re, fiches de paie, etc.).<\/p>\n<p>9. D\u00e9claration d&rsquo;h\u00e9bergement ou r\u00e9servation d&rsquo;h\u00f4tel.<\/p>\n<p>10. Lettre d&rsquo;engagement.<\/p>\n<p>11. Photocopie du \u00ab\u00a0Baccalaur\u00e9at\u00a0\u00bb ou \u00ab\u00a0Advanced Level\u00a0\u00bb, ou autre qualification.<\/p>\n<p>12. Photocopie du certificat de connaissance de l&rsquo;italien au niveau B2 (ou B2 en anglais si le cours universitaire se d\u00e9roule dans cette langue).<\/p>\n<p>13. Photocopie du certificat de pr\u00e9inscription \u00e0 l&rsquo;Universit\u00e9 en Italie.<\/p>\n<p>14. S&rsquo;il s&rsquo;agit de boursiers, documents indiquant le montant et la dur\u00e9e de la bourse.<\/p>\n<p>15. Assurance maladie avec une couverture minimale de 30.000 \u20ac pour les frais d&rsquo;hospitalisation d&rsquo;urgence et de rapatriement, valable dans tout l&rsquo;espace Schengen.<\/p>\n<p>&nbsp;<\/p>\n<p><strong>ANNEXES<\/strong><\/p>\n<p>&#8211;\u00a0<a href=\"https:\/\/ambyaounde.esteri.it\/wp-content\/uploads\/2023\/10\/formulario_visto_nazionale_fr.pdf\">Formulaire de demande de visa national (D)<\/a><\/p>\n<p>&#8211;\u00a0<a href=\"https:\/\/ambyaounde.esteri.it\/wp-content\/uploads\/2023\/10\/dichiarazione_alloggio_21_22.pdf\">D\u00e9claration d&rsquo;h\u00e9bergement<\/a><\/p>\n<p>&#8211;\u00a0<a href=\"https:\/\/ambyaounde.esteri.it\/wp-content\/uploads\/2023\/10\/lettera_impegno_21_22.pdf\">Lettre d&rsquo;engagement<\/a><\/p>\n<p>&#8211;\u00a0<a href=\"https:\/\/ambyaounde.esteri.it\/wp-content\/uploads\/2023\/10\/fac_simile_copertura_bancaria_22_23.pdf\">Facsimile de la couverture bancaire<\/a><\/p>\n<p>&#8211;\u00a0<a href=\"https:\/\/ambyaounde.esteri.it\/wp-content\/uploads\/2023\/10\/facsimile_cred._rot._22_23.pdf\">Facsimile cr\u00e9dit rotatif<\/a><\/p>\n<p>&nbsp;<\/p>\n<p><strong>NOTES<\/strong><\/p>\n<p>&#8211; Le service des visas se r\u00e9serve le droit de demander des documents suppl\u00e9mentaires, si n\u00e9cessaire, en plus de ceux \u00e9num\u00e9r\u00e9s ci-dessus et de v\u00e9rifier l&rsquo;authenticit\u00e9 des documents pr\u00e9sent\u00e9s.<\/p>\n<p>&#8211; La pr\u00e9sentation d&rsquo;une documentation compl\u00e8te n\u2019implique pas n\u00e9cessairement la d\u00e9livrance d&rsquo;un visa.<\/p>\n<p>&#8211; La pr\u00e9sentation de documents contrefaits et\/ou falsifi\u00e9s entra\u00eenera le refus du visa et sera signal\u00e9e aux autorit\u00e9s italiennes et camerounaises comp\u00e9tentes.<\/p>\n<p>Pour de plus amples informations, veuillez consulter :\u00a0<a href=\"https:\/\/vistoperitalia.esteri.it\/home.asp\">https:\/\/vistoperitalia.esteri.it\/home.asp<\/a><\/p>\n","protected":false},"excerpt":{"rendered":"Nous informons les \u00e9tudiants que les demandes de visa pour les \u00e9tudes de premier et de deuxi\u00e8me cycle ne doivent PAS \u00eatre soumises directement \u00e0 l&rsquo;Ambassade, mais uniquement \u00e0 l&rsquo;agence BLS, dont les coordonn\u00e9es sont indiqu\u00e9es ci-dessous : https:\/\/www.blsitalyvisa.com\/cameroon\/ DOUALA: Agence BLS -II Centre Commercial l\u2019ATRIUM, immeuble Spar, 1er \u00e9tage derri\u00e8re Delsey Showroom, bureau n. [&hellip;]","protected":false},"author":7,"featured_media":0,"parent":217,"menu_order":10,"comment_status":"closed","ping_status":"closed","template":"","meta":{"footnotes":""},"class_list":["post-635","page","type-page","status-publish","hentry"],"_links":{"self":[{"href":"https:\/\/ambyaounde.esteri.it\/fr\/wp-json\/wp\/v2\/pages\/635","targetHints":{"allow":["GET"]}}],"collection":[{"href":"https:\/\/ambyaounde.esteri.it\/fr\/wp-json\/wp\/v2\/pages"}],"about":[{"href":"https:\/\/ambyaounde.esteri.it\/fr\/wp-json\/wp\/v2\/types\/page"}],"author":[{"embeddable":true,"href":"https:\/\/ambyaounde.esteri.it\/fr\/wp-json\/wp\/v2\/users\/7"}],"replies":[{"embeddable":true,"href":"https:\/\/ambyaounde.esteri.it\/fr\/wp-json\/wp\/v2\/comments?post=635"}],"version-history":[{"count":2,"href":"https:\/\/ambyaounde.esteri.it\/fr\/wp-json\/wp\/v2\/pages\/635\/revisions"}],"predecessor-version":[{"id":638,"href":"https:\/\/ambyaounde.esteri.it\/fr\/wp-json\/wp\/v2\/pages\/635\/revisions\/638"}],"up":[{"embeddable":true,"href":"https:\/\/ambyaounde.esteri.it\/fr\/wp-json\/wp\/v2\/pages\/217"}],"wp:attachment":[{"href":"https:\/\/ambyaounde.esteri.it\/fr\/wp-json\/wp\/v2\/media?parent=635"}],"curies":[{"name":"wp","href":"https:\/\/api.w.org\/{rel}","templated":true}]}}