{"id":642,"date":"2023-10-06T15:28:21","date_gmt":"2023-10-06T14:28:21","guid":{"rendered":"https:\/\/ambyaounde.esteri.it\/servizi-consolari-e-visti\/servizi-per-il-cittadino-straniero\/visti\/visto-per-ricongiungimento-familiare-figlio-a\/"},"modified":"2023-10-06T15:31:32","modified_gmt":"2023-10-06T14:31:32","slug":"visto-per-ricongiungimento-familiare-figlio-a","status":"publish","type":"page","link":"https:\/\/ambyaounde.esteri.it\/fr\/servizi-consolari-e-visti\/servizi-per-il-cittadino-straniero\/visti\/visto-per-ricongiungimento-familiare-figlio-a\/","title":{"rendered":"Visa regroupement familial (enfants)"},"content":{"rendered":"<p>Nous informons les usagers qu&rsquo;il est n\u00e9cessaire de prendre rendez-vous pour demander un visa de regroupement familial aupr\u00e8s de l&rsquo;agence BLS, dont les coordonn\u00e9es sont indiqu\u00e9es ci-dessous :<\/p>\n<p><i><a href=\"https:\/\/www.blsitalyvisa.com\/cameroon\/\" target=\"_blank\" rel=\"noopener noreferrer\">https:\/\/www.blsitalyvisa.com\/cameroon\/<\/a><br \/>\n<\/i><\/p>\n<p><strong>DOUALA<\/strong>: Agence BLS -II Centre Commercial l\u2019ATRIUM, immeuble Spar, 1er \u00e9tage derri\u00e8re Delsey Showroom, bureau n. bt 10-11.<\/p>\n<div dir=\"ltr\"><strong>YAOUNDE<\/strong>: Agence BLS \u2013 Y-BUILDING, RUE 1775 Nouvelle Route Bastos, 1er \u00e9tage.<\/div>\n<p>&nbsp;<\/p>\n<p>&nbsp;<\/p>\n<p><strong>DOCUMENTATION \u00c0 SOUMETTRE<\/strong>\u00a0:<\/p>\n<p>1. Formulaire de demande de visa national de long s\u00e9jour (D), d\u00fbment compl\u00e9t\u00e9 et sign\u00e9.<\/p>\n<p>2. Deux (2) photos d&rsquo;identit\u00e9 r\u00e9centes en couleur sur fond blanc (3,5 x 4,5 cm).<\/p>\n<p>3. Original et photocopie de la carte d&rsquo;identit\u00e9 du demandeur et des deux parents (photocopie).<\/p>\n<p>4. Passeport en cours de validit\u00e9 (au moins quinze mois) et photocopie des deux premi\u00e8res pages et de celles sur lesquelles figurent les derniers visas et cachets d&rsquo;entr\u00e9e et de sortie du territoire italien et camerounais.<\/p>\n<p>5. Nulla Osta pour le regroupement familial.<\/p>\n<p>6. Photocopie lisible du permis de s\u00e9jour du parent qui invite.<\/p>\n<p>7. Copie certifi\u00e9e conforme de l&rsquo;acte de naissance l\u00e9galis\u00e9 aupr\u00e8s du Minist\u00e8re des Affaires Etrang\u00e8res du pays de naissance et traduction en italien par un traducteur agr\u00e9\u00e9.<\/p>\n<p>8. Autorisation parentale r\u00e9cente (moins de 3 mois) de l&rsquo;autre parent, \u00e0 produire au Commissariat de Police si le parent en question r\u00e9side au Cameroun ou aupr\u00e8s de l&rsquo;Autorit\u00e9 comp\u00e9tente en Italie ou dans le pays de r\u00e9sidence \u00e0 l&rsquo;\u00e9tranger (dans ce dernier cas, il est n\u00e9cessaire de fournir le permis de s\u00e9jour).<\/p>\n<p>9. R\u00e9servation du billet d&rsquo;avion (\u00e0 fournir sur demande) et indication \u00e9ventuelle de la compagnie a\u00e9rienne accompagnatrice pour les mineurs de moins de 14 ans voyageant seuls.<\/p>\n<p>10. Dans le cas o\u00f9 le demandeur (pour les mineurs, la personne exer\u00e7ant l&rsquo;autorit\u00e9 parentale) est dans l&rsquo;impossibilit\u00e9 de suivre personnellement le dossier, il sera n\u00e9cessaire de fournir une procuration au responsable et une photocopie de la carte d&rsquo;identit\u00e9 valide du d\u00e9l\u00e9gu\u00e9.<\/p>\n<p>&nbsp;<\/p>\n<p><strong>ANNEXES<\/strong><\/p>\n<p>&#8211;\u00a0<a href=\"https:\/\/ambyaounde.esteri.it\/wp-content\/uploads\/2023\/10\/formulario_visto_nazionale_fr.pdf\">Formulaire de demande de visa national (D)<\/a><\/p>\n<p>&#8211;\u00a0<a href=\"https:\/\/ambyaounde.esteri.it\/wp-content\/uploads\/2023\/10\/lista_traduttori_al_08-09-2021.pdf\">Liste des traducteurs<\/a><\/p>\n<p>&nbsp;<\/p>\n<p><strong>NOTES<\/strong><\/p>\n<p>&#8211; La pr\u00e9sence personnelle est obligatoire lors de la demande et du retrait du visa (sauf dans les cas o\u00f9 la d\u00e9l\u00e9gation est autoris\u00e9e).<\/p>\n<p>&#8211; Le service des visas se r\u00e9serve le droit de demander des documents suppl\u00e9mentaires, si n\u00e9cessaire, en plus de ceux \u00e9num\u00e9r\u00e9s ci-dessus et de v\u00e9rifier l&rsquo;authenticit\u00e9 des documents pr\u00e9sent\u00e9s.<\/p>\n<p>&#8211; La pr\u00e9sentation d&rsquo;une documentation compl\u00e8te n\u2019implique pas n\u00e9cessairement la d\u00e9livrance d&rsquo;un visa.<\/p>\n<p>&#8211; La pr\u00e9sentation de documents contrefaits et\/ou falsifi\u00e9s entra\u00eenera le refus du visa et sera signal\u00e9e aux Autorit\u00e9s italiennes et camerounaises comp\u00e9tentes.<\/p>\n<p>Pour de plus amples informations, veuillez consulter :\u00a0<a href=\"https:\/\/vistoperitalia.esteri.it\/home.aspx\">https:\/\/vistoperitalia.esteri.it\/home.aspx<\/a><\/p>\n","protected":false},"excerpt":{"rendered":"Nous informons les usagers qu&rsquo;il est n\u00e9cessaire de prendre rendez-vous pour demander un visa de regroupement familial aupr\u00e8s de l&rsquo;agence BLS, dont les coordonn\u00e9es sont indiqu\u00e9es ci-dessous : https:\/\/www.blsitalyvisa.com\/cameroon\/ DOUALA: Agence BLS -II Centre Commercial l\u2019ATRIUM, immeuble Spar, 1er \u00e9tage derri\u00e8re Delsey Showroom, bureau n. bt 10-11. YAOUNDE: Agence BLS \u2013 Y-BUILDING, RUE 1775 Nouvelle [&hellip;]","protected":false},"author":7,"featured_media":0,"parent":217,"menu_order":12,"comment_status":"closed","ping_status":"closed","template":"","meta":{"footnotes":""},"class_list":["post-642","page","type-page","status-publish","hentry"],"_links":{"self":[{"href":"https:\/\/ambyaounde.esteri.it\/fr\/wp-json\/wp\/v2\/pages\/642","targetHints":{"allow":["GET"]}}],"collection":[{"href":"https:\/\/ambyaounde.esteri.it\/fr\/wp-json\/wp\/v2\/pages"}],"about":[{"href":"https:\/\/ambyaounde.esteri.it\/fr\/wp-json\/wp\/v2\/types\/page"}],"author":[{"embeddable":true,"href":"https:\/\/ambyaounde.esteri.it\/fr\/wp-json\/wp\/v2\/users\/7"}],"replies":[{"embeddable":true,"href":"https:\/\/ambyaounde.esteri.it\/fr\/wp-json\/wp\/v2\/comments?post=642"}],"version-history":[{"count":2,"href":"https:\/\/ambyaounde.esteri.it\/fr\/wp-json\/wp\/v2\/pages\/642\/revisions"}],"predecessor-version":[{"id":644,"href":"https:\/\/ambyaounde.esteri.it\/fr\/wp-json\/wp\/v2\/pages\/642\/revisions\/644"}],"up":[{"embeddable":true,"href":"https:\/\/ambyaounde.esteri.it\/fr\/wp-json\/wp\/v2\/pages\/217"}],"wp:attachment":[{"href":"https:\/\/ambyaounde.esteri.it\/fr\/wp-json\/wp\/v2\/media?parent=642"}],"curies":[{"name":"wp","href":"https:\/\/api.w.org\/{rel}","templated":true}]}}