{"id":652,"date":"2023-10-06T15:37:46","date_gmt":"2023-10-06T14:37:46","guid":{"rendered":"https:\/\/ambyaounde.esteri.it\/servizi-consolari-e-visti\/servizi-per-il-cittadino-straniero\/visti\/visto-per-ricongiungimento-familiare-genitore\/"},"modified":"2023-10-06T15:39:09","modified_gmt":"2023-10-06T14:39:09","slug":"visto-per-ricongiungimento-familiare-genitore","status":"publish","type":"page","link":"https:\/\/ambyaounde.esteri.it\/fr\/servizi-consolari-e-visti\/servizi-per-il-cittadino-straniero\/visti\/visto-per-ricongiungimento-familiare-genitore\/","title":{"rendered":"Visa de regroupement familial (parent)"},"content":{"rendered":"<p>Nous informons les usagers qu&rsquo;il est n\u00e9cessaire de prendre rendez-vous pour demander un visa de regroupement familial aupr\u00e8s de l&rsquo;agence BLS, dont les coordonn\u00e9es sont indiqu\u00e9es ci-dessous :<\/p>\n<p><i><a href=\"https:\/\/www.blsitalyvisa.com\/cameroon\/\" target=\"_blank\" rel=\"noopener noreferrer\">https:\/\/www.blsitalyvisa.com\/cameroon\/<\/a><br \/>\n<\/i><\/p>\n<p><strong>DOUALA<\/strong>: Agence BLS -II Centre Commercial l\u2019ATRIUM, immeuble Spar, 1er \u00e9tage derri\u00e8re Delsey Showroom, bureau n. bt 10-11.<\/p>\n<div dir=\"ltr\"><strong>YAOUNDE<\/strong>: Agence BLS \u2013 Y-BUILDING, RUE 1775 Nouvelle Route Bastos, 1er \u00e9tage.<\/div>\n<p>&nbsp;<\/p>\n<p><strong>DOCUMENTATION \u00c0 SOUMETTRE<\/strong>\u00a0:<\/p>\n<p>1. Formulaire de demande de visa national de long s\u00e9jour (D), d\u00fbment compl\u00e9t\u00e9 et sign\u00e9.<\/p>\n<p>2. Deux (2) photos d&rsquo;identit\u00e9 r\u00e9centes en couleur sur fond blanc (3,5 x 4,5 cm).<\/p>\n<p>3. Original et photocopie de la carte d&rsquo;identit\u00e9.<\/p>\n<p>4. Document de voyage en cours de validit\u00e9 (au moins quinze mois) et photocopie des deux premi\u00e8res pages et de celles sur lesquelles figurent les derniers visas et cachets d&rsquo;entr\u00e9e et de sortie pour l&rsquo;Italie et le Cameroun.<\/p>\n<p>5. Nulla Osta pour le regroupement familial.<\/p>\n<p>6. Photocopie lisible du permis de s\u00e9jour du membre de la famille qui invite.<\/p>\n<p>7. Copie certifi\u00e9e conforme de l&rsquo;acte de naissance de l&rsquo;invit\u00e9, l\u00e9galis\u00e9e aupr\u00e8s du Minist\u00e8re des Affaires Etrang\u00e8res du pays de naissance et traduction en italien par un traducteur agr\u00e9\u00e9.<\/p>\n<p>8. Copie certifi\u00e9e conforme du livret de famille ou du certificat de vie collectif l\u00e9galis\u00e9 aupr\u00e8s du Minist\u00e8re des Affaires Etrang\u00e8res et traduit en italien par un traducteur agr\u00e9\u00e9.<\/p>\n<p>9. Originaux et photocopies des six derniers re\u00e7us prouvant l&rsquo;envoi d&rsquo;argent par la partie invitante au demandeur ou autres documents prouvant la responsabilit\u00e9 financi\u00e8re.<\/p>\n<p>10. Si le demandeur est \u00e2g\u00e9 de plus de 65 ans, s&rsquo;il a d&rsquo;autres enfants dans le pays d&rsquo;origine ou de provenance, des documents prouvant que ces enfants ne peuvent pas s&rsquo;occuper de lui en raison de graves probl\u00e8mes de sant\u00e9.<\/p>\n<p>11. R\u00e9servation de billets d&rsquo;avion (\u00e0 fournir sur demande).<\/p>\n<p>12. Dans le cas o\u00f9 le demandeur ne pourrait pas s&rsquo;occuper personnellement de son dossier, il sera n\u00e9cessaire de fournir une procuration au responsable et une photocopie de la carte d&rsquo;identit\u00e9 valide du mandataire.<\/p>\n<p>&nbsp;<\/p>\n<p><strong>ANNEXES<\/strong><\/p>\n<p>&#8211;\u00a0<a href=\"https:\/\/ambyaounde.esteri.it\/wp-content\/uploads\/2023\/10\/formulario_visto_nazionale_fr.pdf\">Formulaire de demande de visa national (D)<\/a><\/p>\n<p>&#8211;\u00a0<a href=\"https:\/\/ambyaounde.esteri.it\/wp-content\/uploads\/2023\/10\/lista_traduttori_al_08-09-2021.pdf\">Liste des traducteurs<\/a><\/p>\n<p>&nbsp;<\/p>\n<p><strong>NOTES<\/strong><\/p>\n<p>&#8211; La pr\u00e9sence personnelle est obligatoire au moment du d\u00e9p\u00f4t de la demande et du retrait du visa (sauf dans les cas o\u00f9 la procuration est autoris\u00e9e).<\/p>\n<p>&#8211; Le service des visas se r\u00e9serve le droit de demander des documents suppl\u00e9mentaires, si n\u00e9cessaire, en plus de ceux \u00e9num\u00e9r\u00e9s ci-dessus et de v\u00e9rifier l&rsquo;authenticit\u00e9 des documents pr\u00e9sent\u00e9s.<\/p>\n<p>&#8211; La pr\u00e9sentation d&rsquo;une documentation compl\u00e8te n\u2019implique pas n\u00e9cessairement la d\u00e9livrance d&rsquo;un visa.<\/p>\n<p>&#8211; La pr\u00e9sentation de documents contrefaits et\/ou falsifi\u00e9s entra\u00eenera le refus du visa et sera signal\u00e9e aux Autorit\u00e9s italiennes et camerounaises comp\u00e9tentes.<\/p>\n<p>Pour de plus amples informations, veuillez consulter :\u00a0<a href=\"https:\/\/vistoperitalia.esteri.it\/home.aspx\">https:\/\/vistoperitalia.esteri.it\/home.aspx<\/a><\/p>\n","protected":false},"excerpt":{"rendered":"Nous informons les usagers qu&rsquo;il est n\u00e9cessaire de prendre rendez-vous pour demander un visa de regroupement familial aupr\u00e8s de l&rsquo;agence BLS, dont les coordonn\u00e9es sont indiqu\u00e9es ci-dessous : https:\/\/www.blsitalyvisa.com\/cameroon\/ DOUALA: Agence BLS -II Centre Commercial l\u2019ATRIUM, immeuble Spar, 1er \u00e9tage derri\u00e8re Delsey Showroom, bureau n. bt 10-11. YAOUNDE: Agence BLS \u2013 Y-BUILDING, RUE 1775 Nouvelle [&hellip;]","protected":false},"author":7,"featured_media":0,"parent":217,"menu_order":16,"comment_status":"closed","ping_status":"closed","template":"","meta":{"footnotes":""},"class_list":["post-652","page","type-page","status-publish","hentry"],"_links":{"self":[{"href":"https:\/\/ambyaounde.esteri.it\/fr\/wp-json\/wp\/v2\/pages\/652","targetHints":{"allow":["GET"]}}],"collection":[{"href":"https:\/\/ambyaounde.esteri.it\/fr\/wp-json\/wp\/v2\/pages"}],"about":[{"href":"https:\/\/ambyaounde.esteri.it\/fr\/wp-json\/wp\/v2\/types\/page"}],"author":[{"embeddable":true,"href":"https:\/\/ambyaounde.esteri.it\/fr\/wp-json\/wp\/v2\/users\/7"}],"replies":[{"embeddable":true,"href":"https:\/\/ambyaounde.esteri.it\/fr\/wp-json\/wp\/v2\/comments?post=652"}],"version-history":[{"count":2,"href":"https:\/\/ambyaounde.esteri.it\/fr\/wp-json\/wp\/v2\/pages\/652\/revisions"}],"predecessor-version":[{"id":654,"href":"https:\/\/ambyaounde.esteri.it\/fr\/wp-json\/wp\/v2\/pages\/652\/revisions\/654"}],"up":[{"embeddable":true,"href":"https:\/\/ambyaounde.esteri.it\/fr\/wp-json\/wp\/v2\/pages\/217"}],"wp:attachment":[{"href":"https:\/\/ambyaounde.esteri.it\/fr\/wp-json\/wp\/v2\/media?parent=652"}],"curies":[{"name":"wp","href":"https:\/\/api.w.org\/{rel}","templated":true}]}}