{"id":657,"date":"2023-10-06T15:40:02","date_gmt":"2023-10-06T14:40:02","guid":{"rendered":"https:\/\/ambyaounde.esteri.it\/servizi-consolari-e-visti\/servizi-per-il-cittadino-straniero\/visti\/altri-tipi-di-visto\/"},"modified":"2023-10-06T15:40:49","modified_gmt":"2023-10-06T14:40:49","slug":"altri-tipi-di-visto","status":"publish","type":"page","link":"https:\/\/ambyaounde.esteri.it\/fr\/servizi-consolari-e-visti\/servizi-per-il-cittadino-straniero\/visti\/altri-tipi-di-visto\/","title":{"rendered":"Autres types de Visa"},"content":{"rendered":"<p>Pour toute information sur les types de visa non mentionn\u00e9s dans les autres sections de ce site, les usagers sont invit\u00e9s \u00e0 consulter le site web\u00a0<a href=\"https:\/\/vistoperitalia.esteri.it\/home.aspx\">https:\/\/vistoperitalia.esteri.it\/home.aspx<\/a>\u00a0et \u00e0 contacter notre Ambassade \u00e0 l&rsquo;adresse\u00a0<a href=\"mailto:yaounde.visti@esteri.it\">yaounde.visti@esteri.it<\/a>\u00a0.<\/p>\n","protected":false},"excerpt":{"rendered":"Pour toute information sur les types de visa non mentionn\u00e9s dans les autres sections de ce site, les usagers sont invit\u00e9s \u00e0 consulter le site web\u00a0https:\/\/vistoperitalia.esteri.it\/home.aspx\u00a0et \u00e0 contacter notre Ambassade \u00e0 l&rsquo;adresse\u00a0yaounde.visti@esteri.it\u00a0.","protected":false},"author":7,"featured_media":0,"parent":217,"menu_order":18,"comment_status":"closed","ping_status":"closed","template":"","meta":{"footnotes":""},"class_list":["post-657","page","type-page","status-publish","hentry"],"_links":{"self":[{"href":"https:\/\/ambyaounde.esteri.it\/fr\/wp-json\/wp\/v2\/pages\/657","targetHints":{"allow":["GET"]}}],"collection":[{"href":"https:\/\/ambyaounde.esteri.it\/fr\/wp-json\/wp\/v2\/pages"}],"about":[{"href":"https:\/\/ambyaounde.esteri.it\/fr\/wp-json\/wp\/v2\/types\/page"}],"author":[{"embeddable":true,"href":"https:\/\/ambyaounde.esteri.it\/fr\/wp-json\/wp\/v2\/users\/7"}],"replies":[{"embeddable":true,"href":"https:\/\/ambyaounde.esteri.it\/fr\/wp-json\/wp\/v2\/comments?post=657"}],"version-history":[{"count":1,"href":"https:\/\/ambyaounde.esteri.it\/fr\/wp-json\/wp\/v2\/pages\/657\/revisions"}],"predecessor-version":[{"id":658,"href":"https:\/\/ambyaounde.esteri.it\/fr\/wp-json\/wp\/v2\/pages\/657\/revisions\/658"}],"up":[{"embeddable":true,"href":"https:\/\/ambyaounde.esteri.it\/fr\/wp-json\/wp\/v2\/pages\/217"}],"wp:attachment":[{"href":"https:\/\/ambyaounde.esteri.it\/fr\/wp-json\/wp\/v2\/media?parent=657"}],"curies":[{"name":"wp","href":"https:\/\/api.w.org\/{rel}","templated":true}]}}