{"id":39,"date":"2023-04-11T17:55:33","date_gmt":"2023-04-11T15:55:33","guid":{"rendered":"https:\/\/ambasciatapraga.esteri.it\/?page_id=39"},"modified":"2026-02-03T14:56:10","modified_gmt":"2026-02-03T13:56:10","slug":"la-sede","status":"publish","type":"page","link":"https:\/\/ambyaounde.esteri.it\/it\/chi-siamo\/la-sede\/","title":{"rendered":"La Sede"},"content":{"rendered":"<p><img loading=\"lazy\" decoding=\"async\" class=\"alignnone\" src=\"https:\/\/ambyaounde.esteri.it\/wp-content\/uploads\/2023\/08\/Ambasciata-per-sito-e-twitter-300x200.jpg\" alt=\"\" width=\"300\" height=\"200\" \/><\/p>\n<p><strong>Ambasciata d&#8217;Italia<\/strong><\/p>\n<p>Avenue Rosa Park, Quartiere Golf &#8211; Yaound\u00e9<\/p>\n<p>&nbsp;<\/p>\n<p>Apertura al pubblico: dal luned\u00ec al venerd\u00ec\u00a0dalle ore\u00a009.00 alle ore 12.30<\/p>\n<p>Telefono: +237 699 02 49 65<\/p>\n<p>E mail:<a href=\"mailto:ambasciata.yaounde@esteri.it\"> ambasciata.yaounde@esteri.it<\/a><\/p>\n<p>PEC: <a href=\"mailto:amb.yaounde@cert.esteri.it\">amb.yaounde@cert.esteri.it<\/a><\/p>\n<p>&nbsp;<\/p>\n<p><strong>FESTIVITA&#8217; 2026<\/strong><\/p>\n<p>01 gennaio CAPODANNO<\/p>\n<p>06 gennaio EPIFANIA<\/p>\n<p>06 aprile LUNEDI DELL&#8217;ANGELO<\/p>\n<p>25 aprile FESTA DELL\u2019INDIPENDENZA<\/p>\n<p>01 maggio FESTA DEL LAVORO<\/p>\n<p>20 maggio FESTA NAZIONALE DEL CAMERUN<\/p>\n<p>02 giugno FESTA DELLA REPUBBLICA ITALIANA<\/p>\n<p>15 agosto ASSUNZIONE<\/p>\n<p>01 novembre TUTTI I SANTI<\/p>\n<p>25 dicembre NATALE<\/p>\n<p>26 dicembre SANTO STEFANO<\/p>\n<p>&nbsp;<\/p>\n","protected":false},"excerpt":{"rendered":"Ambasciata d&#8217;Italia Avenue Rosa Park, Quartiere Golf &#8211; Yaound\u00e9 &nbsp; Apertura al pubblico: dal luned\u00ec al venerd\u00ec\u00a0dalle ore\u00a009.00 alle ore 12.30 Telefono: +237 699 02 49 65 E mail: ambasciata.yaounde@esteri.it PEC: amb.yaounde@cert.esteri.it &nbsp; FESTIVITA&#8217; 2026 01 gennaio CAPODANNO 06 gennaio EPIFANIA 06 aprile LUNEDI DELL&#8217;ANGELO 25 aprile FESTA DELL\u2019INDIPENDENZA 01 maggio FESTA DEL LAVORO 20 [&hellip;]","protected":false},"author":1,"featured_media":0,"parent":13,"menu_order":2,"comment_status":"closed","ping_status":"closed","template":"","meta":{"footnotes":""},"class_list":["post-39","page","type-page","status-publish","hentry"],"_links":{"self":[{"href":"https:\/\/ambyaounde.esteri.it\/it\/wp-json\/wp\/v2\/pages\/39","targetHints":{"allow":["GET"]}}],"collection":[{"href":"https:\/\/ambyaounde.esteri.it\/it\/wp-json\/wp\/v2\/pages"}],"about":[{"href":"https:\/\/ambyaounde.esteri.it\/it\/wp-json\/wp\/v2\/types\/page"}],"author":[{"embeddable":true,"href":"https:\/\/ambyaounde.esteri.it\/it\/wp-json\/wp\/v2\/users\/1"}],"replies":[{"embeddable":true,"href":"https:\/\/ambyaounde.esteri.it\/it\/wp-json\/wp\/v2\/comments?post=39"}],"version-history":[{"count":7,"href":"https:\/\/ambyaounde.esteri.it\/it\/wp-json\/wp\/v2\/pages\/39\/revisions"}],"predecessor-version":[{"id":2762,"href":"https:\/\/ambyaounde.esteri.it\/it\/wp-json\/wp\/v2\/pages\/39\/revisions\/2762"}],"up":[{"embeddable":true,"href":"https:\/\/ambyaounde.esteri.it\/it\/wp-json\/wp\/v2\/pages\/13"}],"wp:attachment":[{"href":"https:\/\/ambyaounde.esteri.it\/it\/wp-json\/wp\/v2\/media?parent=39"}],"curies":[{"name":"wp","href":"https:\/\/api.w.org\/{rel}","templated":true}]}}