{"id":418,"date":"2023-08-01T12:15:38","date_gmt":"2023-08-01T11:15:38","guid":{"rendered":"https:\/\/ambyaounde.esteri.it\/?page_id=418"},"modified":"2023-08-01T12:53:17","modified_gmt":"2023-08-01T11:53:17","slug":"adozioni","status":"publish","type":"page","link":"https:\/\/ambyaounde.esteri.it\/it\/servizi-consolari-e-visti\/servizi-per-il-cittadino-italiano\/adozioni\/","title":{"rendered":"Adozioni"},"content":{"rendered":"<p>Si informano gli utenti che dal 2014 le Autorit\u00e0 camerunesi hanno sospeso tutte le procedure di adozione internazionale. Al momento,\u00a0pertanto,\u00a0nessuna pratica di adozione potr\u00e0 essere accettata e trasmessa alle Autorit\u00e0 camerunesi.<\/p>\n<p>Si ricorda che \u00e8 vietato intraprendere individualmente delle procedure per adozione direttamente in Camerun.<\/p>\n","protected":false},"excerpt":{"rendered":"Si informano gli utenti che dal 2014 le Autorit\u00e0 camerunesi hanno sospeso tutte le procedure di adozione internazionale. Al momento,\u00a0pertanto,\u00a0nessuna pratica di adozione potr\u00e0 essere accettata e trasmessa alle Autorit\u00e0 camerunesi. Si ricorda che \u00e8 vietato intraprendere individualmente delle procedure per adozione direttamente in Camerun.","protected":false},"author":4,"featured_media":0,"parent":47,"menu_order":1,"comment_status":"closed","ping_status":"closed","template":"","meta":{"footnotes":""},"class_list":["post-418","page","type-page","status-publish","hentry"],"_links":{"self":[{"href":"https:\/\/ambyaounde.esteri.it\/it\/wp-json\/wp\/v2\/pages\/418","targetHints":{"allow":["GET"]}}],"collection":[{"href":"https:\/\/ambyaounde.esteri.it\/it\/wp-json\/wp\/v2\/pages"}],"about":[{"href":"https:\/\/ambyaounde.esteri.it\/it\/wp-json\/wp\/v2\/types\/page"}],"author":[{"embeddable":true,"href":"https:\/\/ambyaounde.esteri.it\/it\/wp-json\/wp\/v2\/users\/4"}],"replies":[{"embeddable":true,"href":"https:\/\/ambyaounde.esteri.it\/it\/wp-json\/wp\/v2\/comments?post=418"}],"version-history":[{"count":2,"href":"https:\/\/ambyaounde.esteri.it\/it\/wp-json\/wp\/v2\/pages\/418\/revisions"}],"predecessor-version":[{"id":431,"href":"https:\/\/ambyaounde.esteri.it\/it\/wp-json\/wp\/v2\/pages\/418\/revisions\/431"}],"up":[{"embeddable":true,"href":"https:\/\/ambyaounde.esteri.it\/it\/wp-json\/wp\/v2\/pages\/47"}],"wp:attachment":[{"href":"https:\/\/ambyaounde.esteri.it\/it\/wp-json\/wp\/v2\/media?parent=418"}],"curies":[{"name":"wp","href":"https:\/\/api.w.org\/{rel}","templated":true}]}}