{"id":444,"date":"2023-08-01T14:46:00","date_gmt":"2023-08-01T13:46:00","guid":{"rendered":"https:\/\/ambyaounde.esteri.it\/?page_id=444"},"modified":"2023-10-26T15:24:46","modified_gmt":"2023-10-26T14:24:46","slug":"corsi-di-lingua","status":"publish","type":"page","link":"https:\/\/ambyaounde.esteri.it\/it\/italia-e-camerun\/diplomazia-culturale\/studiare-in-italia\/corsi-di-lingua\/","title":{"rendered":"Corsi di lingua"},"content":{"rendered":"<p>Da oltre due decenni \u00e8 possibile studiare la lingua italiana in Camerun grazie a numerosi centri che organizzano corsi dei vari livelli ALTE (*), dall\u2019A1 (basilare) fino al C2 (grado massimo).<\/p>\n<p>Tali centri privati hanno in atto delle convenzioni con quattro Istituzioni pubbliche italiane (Universit\u00e0 per Stranieri di Perugia, Universit\u00e0 per Stranieri di Siena, Societ\u00e0 Dante Alighieri e Terza Universit\u00e0 di Roma) per l\u2019organizzazione degli esami che portano al conseguimento di certificazioni di conoscenza della lingua italiana, ufficialmente riconosciute in Italia.<\/p>\n<p>I nominativi dei centri camerunesi convenzionati con le succitate Istituzioni sono reperibili seguendo\u00a0<a href=\"https:\/\/ambyaounde.esteri.it\/wp-content\/uploads\/2023\/10\/info_lingua_2021.pdf\">questo link<\/a>.<\/p>\n<p>(*) Association of Language Tester in Europe<\/p>\n","protected":false},"excerpt":{"rendered":"Da oltre due decenni \u00e8 possibile studiare la lingua italiana in Camerun grazie a numerosi centri che organizzano corsi dei vari livelli ALTE (*), dall\u2019A1 (basilare) fino al C2 (grado massimo). Tali centri privati hanno in atto delle convenzioni con quattro Istituzioni pubbliche italiane (Universit\u00e0 per Stranieri di Perugia, Universit\u00e0 per Stranieri di Siena, Societ\u00e0 [&hellip;]","protected":false},"author":4,"featured_media":0,"parent":99,"menu_order":0,"comment_status":"closed","ping_status":"closed","template":"","meta":{"footnotes":""},"class_list":["post-444","page","type-page","status-publish","hentry"],"_links":{"self":[{"href":"https:\/\/ambyaounde.esteri.it\/it\/wp-json\/wp\/v2\/pages\/444","targetHints":{"allow":["GET"]}}],"collection":[{"href":"https:\/\/ambyaounde.esteri.it\/it\/wp-json\/wp\/v2\/pages"}],"about":[{"href":"https:\/\/ambyaounde.esteri.it\/it\/wp-json\/wp\/v2\/types\/page"}],"author":[{"embeddable":true,"href":"https:\/\/ambyaounde.esteri.it\/it\/wp-json\/wp\/v2\/users\/4"}],"replies":[{"embeddable":true,"href":"https:\/\/ambyaounde.esteri.it\/it\/wp-json\/wp\/v2\/comments?post=444"}],"version-history":[{"count":3,"href":"https:\/\/ambyaounde.esteri.it\/it\/wp-json\/wp\/v2\/pages\/444\/revisions"}],"predecessor-version":[{"id":768,"href":"https:\/\/ambyaounde.esteri.it\/it\/wp-json\/wp\/v2\/pages\/444\/revisions\/768"}],"up":[{"embeddable":true,"href":"https:\/\/ambyaounde.esteri.it\/it\/wp-json\/wp\/v2\/pages\/99"}],"wp:attachment":[{"href":"https:\/\/ambyaounde.esteri.it\/it\/wp-json\/wp\/v2\/media?parent=444"}],"curies":[{"name":"wp","href":"https:\/\/api.w.org\/{rel}","templated":true}]}}