{"id":68,"date":"2023-04-11T18:18:08","date_gmt":"2023-04-11T16:18:08","guid":{"rendered":"https:\/\/ambasciatapraga.esteri.it\/?page_id=68"},"modified":"2023-09-14T16:09:30","modified_gmt":"2023-09-14T15:09:30","slug":"stato-civile","status":"publish","type":"page","link":"https:\/\/ambyaounde.esteri.it\/it\/servizi-consolari-e-visti\/servizi-per-il-cittadino-italiano\/stato-civile\/","title":{"rendered":"Stato Civile"},"content":{"rendered":"<h4>TRASCRIZIONE ATTI DI STATO CIVILE<\/h4>\n<p>&nbsp;<\/p>\n<p>PRENDERE UN APPUNTAMENTO<\/p>\n<p>Per poter fissare un appuntamento presso la nostra Ambasciata per la trascrizione di un atto di stato civile, gli utenti sono invitati a contattarci all\u2019indirizzo di posta elettronica\u00a0<a href=\"mailto:consolare.yaounde@esteri.it\">consolare.yaounde@esteri.it<\/a><\/p>\n<p>&nbsp;<\/p>\n<p>TRASCRIZIONE NASCITA<\/p>\n<p>I figli di genitori entrambi italiani o di almeno uno con cittadinanza italiana &#8211; anche se nato all\u2019estero ed eventualmente in possesso di un\u2019altra cittadinanza &#8211; sono cittadini italiani. Per consentire il riconoscimento della cittadinanza al proprio figlio la nascita deve essere trascritta in Italia. Tale adempimento \u00e8 previsto dall&#8217;ordinamento dello stato civile italiano (DPR n. 396\/2000).<\/p>\n<p>DOCUMENTI NECESSARI PER TRASCRIZIONE ATTO DI NASCITA:<\/p>\n<p>1. Modulo di richiesta trascrizione debitamente compilato e sottoscritto da entrambi i genitori.<\/p>\n<p>2. Copia conforme all\u2019originale dell\u2019atto di nascita legalizzata al Ministero degli Affari Esteri del Paese di nascita (es. MINREX in Camerun).<\/p>\n<p>3. Traduzione in lingua italiana della copia conforme all\u2019originale dell\u2019atto di nascita legalizzata dal competente Ministero degli Affari Esteri.<\/p>\n<p>4. Fotocopie dei documenti d&#8217;identit\u00e0 dei genitori.<\/p>\n<p>&nbsp;<\/p>\n<p>TRASCRIZIONE MATRIMONIO<\/p>\n<p>Il matrimonio celebrato all\u2019estero per avere valore in Italia deve essere trascritto presso il Comune italiano competente.<\/p>\n<p>DOCUMENTI NECESSARI PER TRASCRIZIONE ATTO DI MATRIMONIO:<\/p>\n<p>1. Modulo di richiesta trascrizione debitamente compilato e sottoscritto dai coniugi.<\/p>\n<p>2. Copia conforme all\u2019originale dell\u2019atto di matrimonio legalizzata al Ministero degli Affari Esteri del Paese che ha emesso l\u2019atto (es. MINREX in Camerun).<\/p>\n<p>3. Traduzione in lingua italiana della copia conforme all\u2019originale dell\u2019atto di matrimonio legalizzata dal competente Ministero degli Affari Esteri.<\/p>\n<p>4. Fotocopie dei documenti d&#8217;identit\u00e0 di entrambi i coniugi.<\/p>\n<p>&nbsp;<\/p>\n<p>TRASCRIZIONE DIVORZIO<\/p>\n<p>Le sentenze di divorzio pronunciate all&#8217;estero non sono automaticamente valide in Italia. Devono essere trascritte presso l&#8217;Ufficio dello Stato Civile del Comune dove risulta registrato il relativo atto di matrimonio, ai fini della prescritta annotazione a margine dell&#8217;atto stesso.<\/p>\n<p>Per richiedere la trascrizione del divorzio la sentenza dovr\u00e0 essere definitiva, ovvero &#8220;passata in giudicato&#8221;.<\/p>\n<p>DOCUMENTI NECESSARI PER TRASCRIZIONE SENTENZA DI DIVORZIO (vedasi anche riconoscimento sentenze straniere):<\/p>\n<p>1. Modulo di richiesta trascrizione debitamente compilato e sottoscritto dai coniugi.<\/p>\n<p>2. Copia conforme all\u2019originale della sentenza di divorzio legalizzata al Ministero degli Affari Esteri del Paese che ha emesso l\u2019atto (es. MINREX in Camerun).<\/p>\n<p>3. Traduzione in lingua italiana della copia conforme all\u2019originale della sentenza di divorzio legalizzata dal competente Ministero degli Affari Esteri.<\/p>\n<p>4. Fotocopie dei documenti d&#8217;identit\u00e0 di entrambi i coniugi.<\/p>\n<p>&nbsp;<\/p>\n<p>TRASCRIZIONE DECESSO<\/p>\n<p>Il decesso di un cittadino italiano avvenuto all\u2019estero deve essere trascritto in Italia.<\/p>\n<p>DOCUMENTI NECESSARI PER TRASCRIZIONE ATTO DI DECESSO:<\/p>\n<p>1. Copia conforme all\u2019originale dell\u2019atto di decesso legalizzata al Ministero degli Affari Esteri del Paese che ha emesso l\u2019atto (es. MINREX in Camerun).<\/p>\n<p>2. Traduzione in lingua italiana della copia conforme all\u2019originale dell\u2019atto di decesso legalizzata dal competente Ministero degli Affari Esteri.<\/p>\n<p>3. Fotocopia del documento d\u2019identit\u00e0 del defunto.<\/p>\n<p>N.B. L\u2019Ufficio Consolare si riserva la facolt\u00e0 di verificare l\u2019autenticit\u00e0 della documentazione presentata.<\/p>\n<p>La trascrizione attraverso l\u2019Ambasciata degli atti di stato civile \u00e8 gratuita.<\/p>\n<p>&nbsp;<\/p>\n<p>RICONOSCIMENTO DI SENTENZE STRANIERE<\/p>\n<p>Le sentenze emesse nel territorio del Camerun, munite di legalizzazione e traduzione in italiano, possono essere presentate per la trascrizione in Italia al Comune italiano, direttamente dall\u2019interessato, oppure all\u2019Ambasciata d\u2019Italia in Yaounde con richiesta di trascrizione.<\/p>\n<p>Per richiedere la trascrizione \u00e8 necessario esibire un documento di identit\u00e0 in corso di validit\u00e0 e produrre:<\/p>\n<p>&#8211; istanza di trasmissione della sentenza sotto forma di dichiarazione sostitutiva di atto notorio nella quale si dichiara che la sentenza \u00e8 passata in giudicato (se ci\u00f2 non compare nel testo della sentenza), che non \u00e8 contraria ad altre sentenze pronunciate da un giudice italiano e che non pende un giudizio davanti a un giudice italiano per il medesimo oggetto e fra le stesse parti;<\/p>\n<p>&#8211; copia integrale della sentenza completa dei requisiti di cui all\u2019art. 64 della legge 218\/1995, debitamente legalizzata e tradotta.<\/p>\n<p>&nbsp;<\/p>\n<p>ALLEGATI:<\/p>\n<p>&#8211;\u00a0<a href=\"https:\/\/ambyaounde.esteri.it\/wp-content\/uploads\/2023\/09\/richiesta_trascrizione_atto_di_nascita.doc\">Richiesta trascrizione atto di nascita<\/a><\/p>\n<p>&#8211;\u00a0<a href=\"https:\/\/ambyaounde.esteri.it\/wp-content\/uploads\/2023\/09\/richiesta_trascrizione_atto_di_matrimonio-1.doc\">Richiesta trascrizione atto di matrimonio<\/a><\/p>\n<p>&#8211;\u00a0<a href=\"https:\/\/ambyaounde.esteri.it\/wp-content\/uploads\/2023\/09\/richiesta_trascrizione_sentenza_di_divorzio.doc\">Richiesta trascrizione sentenza di divorzio<\/a><\/p>\n<p>&#8211;<a href=\"https:\/\/ambyaounde.esteri.it\/wp-content\/uploads\/2023\/09\/Traduttori.pdf\">\u00a0Lista traduttori<\/a><\/p>\n<p>&nbsp;<\/p>\n<p>Per ulteriori informazioni, gli utenti sono invitati a contattarci all\u2019indirizzo di posta elettronica\u00a0<a href=\"mailto:consolare.yaounde@esteri.it\">consolare.yaounde@esteri.it<\/a><\/p>\n","protected":false},"excerpt":{"rendered":"TRASCRIZIONE ATTI DI STATO CIVILE &nbsp; PRENDERE UN APPUNTAMENTO Per poter fissare un appuntamento presso la nostra Ambasciata per la trascrizione di un atto di stato civile, gli utenti sono invitati a contattarci all\u2019indirizzo di posta elettronica\u00a0consolare.yaounde@esteri.it &nbsp; TRASCRIZIONE NASCITA I figli di genitori entrambi italiani o di almeno uno con cittadinanza italiana &#8211; anche [&hellip;]","protected":false},"author":1,"featured_media":0,"parent":47,"menu_order":13,"comment_status":"closed","ping_status":"closed","template":"","meta":{"footnotes":""},"class_list":["post-68","page","type-page","status-publish","hentry"],"_links":{"self":[{"href":"https:\/\/ambyaounde.esteri.it\/it\/wp-json\/wp\/v2\/pages\/68","targetHints":{"allow":["GET"]}}],"collection":[{"href":"https:\/\/ambyaounde.esteri.it\/it\/wp-json\/wp\/v2\/pages"}],"about":[{"href":"https:\/\/ambyaounde.esteri.it\/it\/wp-json\/wp\/v2\/types\/page"}],"author":[{"embeddable":true,"href":"https:\/\/ambyaounde.esteri.it\/it\/wp-json\/wp\/v2\/users\/1"}],"replies":[{"embeddable":true,"href":"https:\/\/ambyaounde.esteri.it\/it\/wp-json\/wp\/v2\/comments?post=68"}],"version-history":[{"count":12,"href":"https:\/\/ambyaounde.esteri.it\/it\/wp-json\/wp\/v2\/pages\/68\/revisions"}],"predecessor-version":[{"id":599,"href":"https:\/\/ambyaounde.esteri.it\/it\/wp-json\/wp\/v2\/pages\/68\/revisions\/599"}],"up":[{"embeddable":true,"href":"https:\/\/ambyaounde.esteri.it\/it\/wp-json\/wp\/v2\/pages\/47"}],"wp:attachment":[{"href":"https:\/\/ambyaounde.esteri.it\/it\/wp-json\/wp\/v2\/media?parent=68"}],"curies":[{"name":"wp","href":"https:\/\/api.w.org\/{rel}","templated":true}]}}