{"id":99,"date":"2023-04-11T18:24:38","date_gmt":"2023-04-11T16:24:38","guid":{"rendered":"https:\/\/ambasciatapraga.esteri.it\/?page_id=99"},"modified":"2023-08-01T14:35:28","modified_gmt":"2023-08-01T13:35:28","slug":"studiare-in-italia","status":"publish","type":"page","link":"https:\/\/ambyaounde.esteri.it\/it\/italia-e-camerun\/diplomazia-culturale\/studiare-in-italia\/","title":{"rendered":"Studiare in Italia"},"content":{"rendered":"<div>\n<p>L&#8217;Ufficio diplomi\/studenti\/culturale ( <a href=\"mailto:culturale.yaounde@esteri.it\">culturale.yaounde@esteri.it<\/a>\u00a0) fornisce informazioni e consulenza per l&#8217;iscrizione a Scuole e Universit\u00e0 in Italia, e rilascia le necessarie dichiarazioni di valore per i titoli conseguiti presso Scuole e Universit\u00e0 in Camerun, Ciad, RCA e Guinea Equatoriale, affinch\u00e9 gli interessati possano ottenere il relativo riconoscimento in Italia.<\/p>\n<p>La dichiarazione di valore \u00e8 un documento che attesta il valore di un titolo di studio conseguito in un sistema di istruzione diverso da quello italiano.<\/p>\n<p>I fini per i quali pu\u00f2 essere richiesta la dichiarazione di valore sono i seguenti:<\/p>\n<p>a) proseguimento degli studi scolastici e universitari;<\/p>\n<p>b) iscrizione presso le Universit\u00e0;<\/p>\n<p>c) omologazione di un titolo universitario per il proseguimento degli studi post lauream (master, dottorato, etc.);<\/p>\n<p>d) equipollenza.<\/p>\n<p>&nbsp;<\/p>\n<p>Ogni anno vengono offerte dal Ministero degli Affari Esteri e della Cooperazione Internazionale delle borse di studio a coloro che sono titolari del diploma di \u201clicence\u201d \/ \u201cbachelor\u201d (laurea) o di titoli superiori (non sono previste assegnazioni per chi non ha ancora conseguito almeno un titolo universitario triennale).<\/p>\n<p>L&#8217;Ufficio diplomi\/studenti\/culturale si occupa della valutazione delle candidature e ne redige una classifica in ordine di merito.<\/p>\n<p>La domanda di borsa di studio pu\u00f2 essere fatta esclusivamente online, registrandosi su\u00a0<a href=\"https:\/\/studyinitaly.esteri.it\/en\/home_borse\">https:\/\/studyinitaly.esteri.it\/en\/home_borse<\/a>\u00a0 indicativamente tra maggio e giugno di ogni anno.<\/p>\n<p>&nbsp;<\/p>\n<p>Il sistema universitario italiano offre numerose opportunit\u00e0 di studio per gli studenti stranieri che vogliano intraprendere o completare il loro percorso formativo all\u2019estero, anche grazie al fatto che sempre pi\u00f9 frequentemente gli Atenei italiani prevedono lo svolgimento di corsi di studio interamente in lingua inglese.<\/p>\n<p>Le principali informazioni concernenti l\u2019accesso degli stranieri ai corsi delle Universit\u00e0 italiane possono essere facilmente reperite sul web ai seguenti indirizzi:<\/p>\n<p>&#8211;\u00a0<a href=\"http:\/\/www.studiare-in-italia.it\/studentistranieri\/\">http:\/\/www.studiare-in-italia.it\/studentistranieri\/<\/a><\/p>\n<p>&#8211;\u00a0<a href=\"http:\/\/hubmiur.pubblica.istruzione.it\/web\/universita\/studenti-stranieri%20interno#Dove_Informarsi\">http:\/\/hubmiur.pubblica.istruzione.it\/web\/universita\/studenti-stranieri%20interno#Dove_Informarsi<\/a><\/p>\n<p>Ulteriore materiale informativo (la pagina \u00e8 disponibile anche in lingua inglese) sull\u2019argomento \u00e8 consultabile al link\u00a0<a href=\"http:\/\/www.universitaly.it\/index.php\/cercacorsi\/universita\">http:\/\/www.universitaly.it\/index.php\/cercacorsi\/universita<\/a>\u00a0dove \u00e8 possibile trovare i corsi di primo e secondo ciclo (Laurea e Laurea Magistrale) svolti totalmente in lingua inglese.<\/p>\n<p>&nbsp;<\/p>\n<p>E\u2019 inoltre consigliabile visitare il sito web (\u00a0<a href=\"http:\/\/www.crui.it\/\">http:\/\/www.crui.it\/<\/a>\u00a0) della Conferenza dei Rettori e delle Universit\u00e0 italiane (CRUI), che offre utili aggiornamenti circa i corsi post-universitari in lingua inglese (master universitari, dottorati e summer\/winter school) offerti dal sistema universitario italiano, il quale attribuisce loro la strategica funzione di concorrere alla promozione internazionale del sistema di alta formazione e ricerca italiano:<\/p>\n<p><a href=\"https:\/\/www.crui.it\/component\/k2\/item\/2521-corsi-in-lingua-inglese-master-universitari-dottorati-e-winter-summer-school.html\">https:\/\/www.crui.it\/component\/k2\/item\/2521-corsi-in-lingua-inglese-master-universitari-dottorati-e-winter-summer-school.html<\/a><\/p>\n<\/div>\n","protected":false},"excerpt":{"rendered":"L&#8217;Ufficio diplomi\/studenti\/culturale ( culturale.yaounde@esteri.it\u00a0) fornisce informazioni e consulenza per l&#8217;iscrizione a Scuole e Universit\u00e0 in Italia, e rilascia le necessarie dichiarazioni di valore per i titoli conseguiti presso Scuole e Universit\u00e0 in Camerun, Ciad, RCA e Guinea Equatoriale, affinch\u00e9 gli interessati possano ottenere il relativo riconoscimento in Italia. La dichiarazione di valore \u00e8 un documento [&hellip;]","protected":false},"author":1,"featured_media":0,"parent":44,"menu_order":0,"comment_status":"closed","ping_status":"closed","template":"","meta":{"footnotes":""},"class_list":["post-99","page","type-page","status-publish","hentry"],"_links":{"self":[{"href":"https:\/\/ambyaounde.esteri.it\/it\/wp-json\/wp\/v2\/pages\/99","targetHints":{"allow":["GET"]}}],"collection":[{"href":"https:\/\/ambyaounde.esteri.it\/it\/wp-json\/wp\/v2\/pages"}],"about":[{"href":"https:\/\/ambyaounde.esteri.it\/it\/wp-json\/wp\/v2\/types\/page"}],"author":[{"embeddable":true,"href":"https:\/\/ambyaounde.esteri.it\/it\/wp-json\/wp\/v2\/users\/1"}],"replies":[{"embeddable":true,"href":"https:\/\/ambyaounde.esteri.it\/it\/wp-json\/wp\/v2\/comments?post=99"}],"version-history":[{"count":2,"href":"https:\/\/ambyaounde.esteri.it\/it\/wp-json\/wp\/v2\/pages\/99\/revisions"}],"predecessor-version":[{"id":439,"href":"https:\/\/ambyaounde.esteri.it\/it\/wp-json\/wp\/v2\/pages\/99\/revisions\/439"}],"up":[{"embeddable":true,"href":"https:\/\/ambyaounde.esteri.it\/it\/wp-json\/wp\/v2\/pages\/44"}],"wp:attachment":[{"href":"https:\/\/ambyaounde.esteri.it\/it\/wp-json\/wp\/v2\/media?parent=99"}],"curies":[{"name":"wp","href":"https:\/\/api.w.org\/{rel}","templated":true}]}}